{"id":991,"date":"2022-09-08T16:17:51","date_gmt":"2022-09-08T14:17:51","guid":{"rendered":"https:\/\/kimrealestate.it\/?page_id=991"},"modified":"2022-09-23T17:20:35","modified_gmt":"2022-09-23T15:20:35","slug":"politica-cookie","status":"publish","type":"page","link":"https:\/\/kimrealestate.it\/en\/politica-cookie\/","title":{"rendered":"Politica Cookie"},"content":{"rendered":"<div class=\"inherit-container-width wp-block-group alignfull is-layout-constrained wp-block-group-is-layout-constrained\">\n<div style=\"height:100px\" aria-hidden=\"true\" class=\"wp-block-spacer\"><\/div>\n\n\n\n<h3 class=\"wp-block-heading\">POLITICA COOKIE<\/h3>\n\n\n\n<p>Utilizziamo i cookie per migliorare l\u2019esperienza di navigazione dell\u2019utente, per garantire il corretto funzionamento del sito e utilizzare i dati di navigazione acquisiti in forma anonima e aggregata per apportare miglioramenti. All\u2019interno del documento \u00e8 possibile trovare le modalit\u00e0 di personalizzazione dei cookie nonch\u00e9 i diritti degli interessati.<\/p>\n\n\n\n<h4 class=\"wp-block-heading\"><br>Cosa sono i cookies?<\/h4>\n\n\n\n<p><br>I cookie sono piccoli file di testo che possono essere utilizzati dai siti web per rendere pi\u00f9 efficiente l\u2019esperienza per l\u2019utente.<br>La legge afferma che \u00e8 possibile memorizzare i cookie sul suo dispositivo se sono strettamente necessari per il funzionamento di questo sito. Per tutti gli altri tipi di cookie abbiamo bisogno del suo consenso.<\/p>\n\n\n\n<h5 class=\"wp-block-heading\"><br>Le categorie cookies usati:<\/h5>\n\n\n\n<p><strong>Cookies Tecnici<\/strong>: fondamentali per il corretto funzionamento del sito.<br><strong>Cookie Assimilabili a Tecnici<\/strong>: cookies analitici di terze parti che trattano i dati in forma aggregata ed anonima per scopi statistici.<br><strong>Cookie Funzionali<\/strong>: i cookie funzionali consentono al sito web di memorizzare informazioni che ne influenzano il comportamento o l\u2019aspetto, quali la lingua preferita o la localit\u00e0 nella quale ti trovi, nonch\u00e9 salvare le credenziali di accesso all\u2019account.<\/p>\n\n\n\n<p>Per una precisa categorizzazione si rinvia alle informazioni, contenute nel cookie banner oppure cliccando l\u2019icona a forma di ingranaggio posta in fondo al sito Web, reperibili seguendo queste brevi istruzioni:<\/p>\n\n\n\n<ol class=\"wp-block-list\"><li>selezionare \u201c<em>Impostazione dei Cookie<\/em>\u201d;<\/li><li>cliccare la sezione \u201c<em>Dichiarazione dei cookie<\/em>\u201d.<\/li><\/ol>\n\n\n\n<p><\/p>\n\n\n\n<h3 class=\"wp-block-heading\"><br>Modifica delle impostazioni e come bloccare i cookie dal browser.<\/h3>\n\n\n\n<p>Per facilit\u00e0 riportiamo le istruzioni riportate nel browser pi\u00f9 comuni in merito alla gestione dei cookies. Se le seguenti istruzioni dovessero divenire obsolete o dovessero mancare alcuni browser, occorrerebbe seguire le istruzioni riportate nel browser in merito alla gestione dei cookies.<br><strong>Di seguito il link alle impostazioni per la disabilitazione dei cookie su alcuni browser pi\u00f9 comuni:<\/strong><\/p>\n\n\n\n<ol class=\"wp-block-list\"><li><a rel=\"noreferrer noopener\" href=\"https:\/\/support.microsoft.com\/en-us\/windows\/delete-and-manage-cookies-168dab11-0753-043d-7c16-ede5947fc64d#ie=ie-10\" target=\"_blank\">Impostazioni dei cookie in Internet Explorer<\/a><\/li><li><a rel=\"noreferrer noopener\" href=\"https:\/\/support.mozilla.org\/en-US\/kb\/cookies-information-websites-store-on-your-computer?redirectslug=Cookies&amp;redirectlocale=en-US\" target=\"_blank\">Impostazioni dei cookie in Firefox<\/a><\/li><li><a rel=\"noreferrer noopener\" href=\"https:\/\/support.google.com\/chrome\/answer\/95647?hl=en&amp;ref_topic=14666\" target=\"_blank\">Impostazioni dei cookie in Chrome<\/a><\/li><li><a rel=\"noreferrer noopener\" href=\"https:\/\/www.opera.com\/it\/use-cases\/clean-browser-and-remove-trackers\" target=\"_blank\">Impostazioni dei cookie in Opera<\/a><\/li><li><a rel=\"noreferrer noopener\" href=\"https:\/\/support.apple.com\/it-it\/HT201265#:~:text=Per%20cancellare%20la%20cronologia%20e%20i,dati%20siti%20web%20e%20cronologia.\" target=\"_blank\">Impostazione dei cookie in Safari<\/a><\/li><\/ol>\n\n\n\n<p><strong>In qualsiasi momento \u00e8 possibile modificare o revocare il proprio consenso utilizzando l\u2019icona a forma di ingranaggio posta in fondo al nostro sito Web.<\/strong><\/p>\n\n\n\n<h3 class=\"wp-block-heading\">Per quanto tempo verranno conservati i dati?<\/h3>\n\n\n\n<p>I cookies conservati sono soggetti a specifiche tempistiche di conservazione, diverse a seconda della tipologia stessa del cookie.<br>Per maggior informazioni si rinvia alle informazioni, contenute nel cookie banner oppure cliccando l\u2019icona a forma di ingranaggio posta in fondo al sito Web, reperibili seguendo queste brevi istruzioni:<\/p>\n\n\n\n<ol class=\"wp-block-list\"><li>selezionare \u201c<em>Impostazione dei Cookie<\/em>\u201d;<\/li><li>cliccare la sezione \u201c<em>Dichiarazione dei cookie<\/em>\u201d.<\/li><\/ol>\n\n\n\n<h4 class=\"wp-block-heading\"><strong>Il Titolare effettua trasferimenti di dati al di fuori dell\u2019Unione Europea?<\/strong><strong><\/strong><\/h4>\n\n\n\n<p>No, in quanto la gestione e la conservazione dei dati personali avverranno su server ubicati all\u2019interno dell\u2019Unione Europea.<\/p>\n\n\n\n<h3 class=\"wp-block-heading\"><br>Quali sono i tuoi diritti?<\/h3>\n\n\n\n<p>l\u2019Utente potr\u00e0, secondo le modalit\u00e0 e nei limiti previsti dalla vigente normativa, esercitare i seguenti diritti:<br>\u2013 richiedere la conferma dell\u2019esistenza e prendere visione dei dati personali che lo riguardano (diritto di accesso);<br>\u2013 conoscerne l\u2019origine;<br>\u2013 riceverne comunicazione intelligibile;<br>\u2013 avere informazioni circa la logica, le modalit\u00e0 e le finalit\u00e0 del trattamento;<br>\u2013 richiederne l\u2019aggiornamento, la rettifica, l\u2019integrazione, la cancellazione, la trasformazione in forma anonima, il blocco dei dati trattati in violazione di legge, ivi compresi quelli non pi\u00f9 necessari al perseguimento degli scopi per i quali sono stati raccolti;<br>\u2013 ricevere i dati forniti al Titolare, in forma strutturata e leggibile da un elaboratore di dati e in un formato comunemente usato da un dispositivo elettronico;<br>\u2013 il diritto di presentare un reclamo all\u2019Autorit\u00e0 di controllo (Garante Privacy) al seguente link https:\/\/www.garanteprivacy.it\/;<br>\u2013 nonch\u00e9, pi\u00f9 in generale, esercitare tutti i diritti che gli sono riconosciuti dalle vigenti disposizioni di legge.<br>Ogni comunicazione a riguardo deve essere pervenuta all\u2019indirizzo e-mail<a href=\"mailto:dpo@it.kruk.eu\"> dpo@it.kruk.eu<\/a> .<\/p>\n<\/div>","protected":false},"excerpt":{"rendered":"<p>POLITICA COOKIE Utilizziamo i cookie per migliorare l\u2019esperienza di navigazione dell\u2019utente, per garantire il corretto funzionamento del sito e utilizzare i dati di navigazione acquisiti in forma anonima e aggregata per apportare miglioramenti. All\u2019interno del documento \u00e8 possibile trovare le modalit\u00e0 di personalizzazione dei cookie nonch\u00e9 i diritti degli interessati. Cosa sono i cookies? I &hellip;<\/p>\n<p class=\"read-more\"> <a class=\"\" href=\"https:\/\/kimrealestate.it\/en\/politica-cookie\/\"> <span class=\"screen-reader-text\">Politica Cookie<\/span> Read More \u00bb<\/a><\/p>","protected":false},"author":1,"featured_media":0,"parent":0,"menu_order":0,"comment_status":"closed","ping_status":"closed","template":"","meta":{"_uag_custom_page_level_css":"","site-sidebar-layout":"default","site-content-layout":"default","ast-global-header-display":"","ast-banner-title-visibility":"","ast-main-header-display":"","ast-hfb-above-header-display":"","ast-hfb-below-header-display":"","ast-hfb-mobile-header-display":"","site-post-title":"disabled","ast-breadcrumbs-content":"","ast-featured-img":"","footer-sml-layout":"","theme-transparent-header-meta":"","adv-header-id-meta":"","stick-header-meta":"","header-above-stick-meta":"","header-main-stick-meta":"","header-below-stick-meta":"","footnotes":""},"class_list":["post-991","page","type-page","status-publish","hentry"],"uagb_featured_image_src":{"full":false,"thumbnail":false,"medium":false,"medium_large":false,"large":false,"1536x1536":false,"2048x2048":false,"trp-custom-language-flag":false},"uagb_author_info":{"display_name":"Admin","author_link":"https:\/\/kimrealestate.it\/en\/author\/admin\/"},"uagb_comment_info":0,"uagb_excerpt":"POLITICA COOKIE Utilizziamo i cookie per migliorare l\u2019esperienza di navigazione dell\u2019utente, per garantire il corretto funzionamento del sito e utilizzare i dati di navigazione acquisiti in forma anonima e aggregata per apportare miglioramenti. All\u2019interno del documento \u00e8 possibile trovare le modalit\u00e0 di personalizzazione dei cookie nonch\u00e9 i diritti degli interessati. Cosa sono i cookies? I&hellip;","_links":{"self":[{"href":"https:\/\/kimrealestate.it\/en\/wp-json\/wp\/v2\/pages\/991","targetHints":{"allow":["GET"]}}],"collection":[{"href":"https:\/\/kimrealestate.it\/en\/wp-json\/wp\/v2\/pages"}],"about":[{"href":"https:\/\/kimrealestate.it\/en\/wp-json\/wp\/v2\/types\/page"}],"author":[{"embeddable":true,"href":"https:\/\/kimrealestate.it\/en\/wp-json\/wp\/v2\/users\/1"}],"replies":[{"embeddable":true,"href":"https:\/\/kimrealestate.it\/en\/wp-json\/wp\/v2\/comments?post=991"}],"version-history":[{"count":4,"href":"https:\/\/kimrealestate.it\/en\/wp-json\/wp\/v2\/pages\/991\/revisions"}],"predecessor-version":[{"id":1078,"href":"https:\/\/kimrealestate.it\/en\/wp-json\/wp\/v2\/pages\/991\/revisions\/1078"}],"wp:attachment":[{"href":"https:\/\/kimrealestate.it\/en\/wp-json\/wp\/v2\/media?parent=991"}],"curies":[{"name":"wp","href":"https:\/\/api.w.org\/{rel}","templated":true}]}}