{"id":715,"date":"2022-08-19T10:13:17","date_gmt":"2022-08-19T08:13:17","guid":{"rendered":"https:\/\/kimrealestate.it\/register\/"},"modified":"2022-08-22T10:34:50","modified_gmt":"2022-08-22T08:34:50","slug":"register","status":"publish","type":"page","link":"https:\/\/kimrealestate.it\/en\/register\/","title":{"rendered":"Register"},"content":{"rendered":"<div class=\"wp-block-cover alignfull is-light\" style=\"min-height:300px;aspect-ratio:unset;\"><span aria-hidden=\"true\" class=\"wp-block-cover__background has-background-dim\"><\/span><img loading=\"lazy\" decoding=\"async\" width=\"2560\" height=\"1920\" class=\"wp-block-cover__image-background wp-image-675\" alt=\"\" src=\"http:\/\/kimrealestate.it\/wp-content\/uploads\/2022\/08\/Innovazione-Blu-senza-nuvole-Gruppo-internazionale-pexels-ga-huy-410696-scaled.jpg\" data-object-fit=\"cover\" srcset=\"https:\/\/kimrealestate.it\/wp-content\/uploads\/2022\/08\/Innovazione-Blu-senza-nuvole-Gruppo-internazionale-pexels-ga-huy-410696-scaled.jpg 2560w, https:\/\/kimrealestate.it\/wp-content\/uploads\/2022\/08\/Innovazione-Blu-senza-nuvole-Gruppo-internazionale-pexels-ga-huy-410696-300x225.jpg 300w, https:\/\/kimrealestate.it\/wp-content\/uploads\/2022\/08\/Innovazione-Blu-senza-nuvole-Gruppo-internazionale-pexels-ga-huy-410696-1024x768.jpg 1024w, https:\/\/kimrealestate.it\/wp-content\/uploads\/2022\/08\/Innovazione-Blu-senza-nuvole-Gruppo-internazionale-pexels-ga-huy-410696-768x576.jpg 768w, https:\/\/kimrealestate.it\/wp-content\/uploads\/2022\/08\/Innovazione-Blu-senza-nuvole-Gruppo-internazionale-pexels-ga-huy-410696-1536x1152.jpg 1536w, https:\/\/kimrealestate.it\/wp-content\/uploads\/2022\/08\/Innovazione-Blu-senza-nuvole-Gruppo-internazionale-pexels-ga-huy-410696-2048x1536.jpg 2048w, https:\/\/kimrealestate.it\/wp-content\/uploads\/2022\/08\/Innovazione-Blu-senza-nuvole-Gruppo-internazionale-pexels-ga-huy-410696-16x12.jpg 16w\" sizes=\"auto, (max-width: 2560px) 100vw, 2560px\" \/><div class=\"wp-block-cover__inner-container is-layout-flow wp-block-cover-is-layout-flow\">\n<p class=\"has-text-align-center has-large-font-size\">Registrazione<\/p>\n<\/div><\/div>\n\n\n\n<div style=\"height:30px\" aria-hidden=\"true\" class=\"wp-block-spacer\"><\/div>\n\n\n\n<div class=\"um um-register um-709\">\n\t<div class=\"um-form\" data-mode=\"register\">\n\t\t<form method=\"post\" action=\"\" data-trp-original-action=\"\">\n\t\t\t<div class=\"um-row _um_row_1\" style=\"margin: 0 0 30px 0;\"><div class=\"um-col-1\"><div  id=\"um_field_709_first_name\" class=\"um-field um-field-text  um-field-first_name um-field-text um-field-type_text\" data-key=\"first_name\"><div class=\"um-field-label\"><label for=\"first_name-709\">Nome*<\/label><div class=\"um-clear\"><\/div><\/div><div class=\"um-field-area\"><input  autocomplete=\"off\" class=\"um-form-field valid\" type=\"text\" name=\"first_name-709\" id=\"first_name-709\" value=\"\" placeholder=\"Nome\" data-validate=\"\" data-key=\"first_name\"  aria-invalid=\"false\" \/>\n\n\t\t\t\t\t\t<\/div><\/div><div  id=\"um_field_709_last_name\" class=\"um-field um-field-text  um-field-last_name um-field-text um-field-type_text\" data-key=\"last_name\"><div class=\"um-field-label\"><label for=\"last_name-709\">Cognome*<\/label><div class=\"um-clear\"><\/div><\/div><div class=\"um-field-area\"><input  autocomplete=\"off\" class=\"um-form-field valid\" type=\"text\" name=\"last_name-709\" id=\"last_name-709\" value=\"\" placeholder=\"\" data-validate=\"\" data-key=\"last_name\"  aria-invalid=\"false\" \/>\n\n\t\t\t\t\t\t<\/div><\/div><div  id=\"um_field_709_user_email\" class=\"um-field um-field-text  um-field-user_email um-field-text um-field-type_text\" data-key=\"user_email\"><div class=\"um-field-label\"><label for=\"user_email-709\">E-mail*<\/label><div class=\"um-clear\"><\/div><\/div><div class=\"um-field-area\"><input  autocomplete=\"off\" class=\"um-form-field valid\" type=\"text\" name=\"user_email-709\" id=\"user_email-709\" value=\"\" placeholder=\"\" data-validate=\"unique_email\" data-key=\"user_email\"  aria-invalid=\"false\" \/>\n\n\t\t\t\t\t\t<\/div><\/div><div  id=\"um_field_709_last_name_6\" class=\"um-field um-field-text  um-field-last_name_6 um-field-text um-field-type_text\" data-key=\"last_name_6\"><div class=\"um-field-label\"><label for=\"last_name_6-709\">Ruolo (opzionale)<\/label><div class=\"um-clear\"><\/div><\/div><div class=\"um-field-area\"><input  autocomplete=\"off\" class=\"um-form-field valid not-required\" type=\"text\" name=\"last_name_6-709\" id=\"last_name_6-709\" value=\"\" placeholder=\"\" data-validate=\"\" data-key=\"last_name_6\"  aria-invalid=\"false\" \/>\n\n\t\t\t\t\t\t<\/div><\/div><div  id=\"um_field_709_last_name_6_7\" class=\"um-field um-field-text  um-field-last_name_6_7 um-field-text um-field-type_text\" data-key=\"last_name_6_7\"><div class=\"um-field-label\"><label for=\"last_name_6_7-709\">Societ\u00e0 (opzionale)<\/label><div class=\"um-clear\"><\/div><\/div><div class=\"um-field-area\"><input  autocomplete=\"off\" class=\"um-form-field valid not-required\" type=\"text\" name=\"last_name_6_7-709\" id=\"last_name_6_7-709\" value=\"\" placeholder=\"\" data-validate=\"\" data-key=\"last_name_6_7\"  aria-invalid=\"false\" \/>\n\n\t\t\t\t\t\t<\/div><\/div><div  id=\"um_field_709_last_name_6_8\" class=\"um-field um-field-text  um-field-last_name_6_8 um-field-text um-field-type_text\" data-key=\"last_name_6_8\"><div class=\"um-field-label\"><label for=\"last_name_6_8-709\">Telefono*<\/label><div class=\"um-clear\"><\/div><\/div><div class=\"um-field-area\"><input  autocomplete=\"off\" class=\"um-form-field valid\" type=\"text\" name=\"last_name_6_8-709\" id=\"last_name_6_8-709\" value=\"\" placeholder=\"\" data-validate=\"phone_number\" data-key=\"last_name_6_8\"  aria-invalid=\"false\" \/>\n\n\t\t\t\t\t\t<\/div><\/div><div  id=\"um_field_709_user_password\" class=\"um-field um-field-password  um-field-user_password um-field-password um-field-type_password\" data-key=\"user_password\"><div class=\"um-field-label\"><label for=\"user_password-709\">Password*<\/label><div class=\"um-clear\"><\/div><\/div><div class=\"um-field-area\"><input class=\"um-form-field valid\" type=\"password\" name=\"user_password-709\" id=\"user_password-709\" value=\"\" placeholder=\"\" data-validate=\"\" data-key=\"user_password\"  aria-invalid=\"false\" \/>\n\n\t\t\t\t\t\t\t<\/div><\/div><div  id=\"um_field_709_confirm_user_password\" class=\"um-field um-field-password  um-field-user_password um-field-password um-field-type_password\" data-key=\"confirm_user_password\"><div class=\"um-field-label\"><label for=\"confirm_user_password-709\">Conferma Password<\/label><div class=\"um-clear\"><\/div><\/div><div class=\"um-field-area\"><input class=\"um-form-field valid\" type=\"password\" name=\"confirm_user_password-709\" id=\"confirm_user_password-709\" value=\"\" placeholder=\"Conferma Password\" data-validate=\"\" data-key=\"confirm_user_password\"  aria-invalid=\"false\" \/><\/div><\/div><div  id=\"um_field_709_categories\" class=\"um-field um-field-checkbox  um-field-categories um-field-checkbox um-field-type_checkbox\" data-key=\"categories\"  aria-invalid=\"false\" ><div class=\"um-field-label\"><label for=\"categories-709\">Desidero ricevere comunicazioni sulle seguenti categorie di immobili (opzionale)<\/label><div class=\"um-clear\"><\/div><\/div><div class=\"um-field-area\"><label class=\"um-field-checkbox  um-field-half\"><input   type=\"checkbox\" name=\"categories[]\" value=\"Residenziale\"  \/><span class=\"um-field-checkbox-state\"><i class=\"um-icon-android-checkbox-outline-blank\"><\/i><\/span><span class=\"um-field-checkbox-option\">Residenziale<\/span><\/label><label class=\"um-field-checkbox  um-field-half  right\"><input   type=\"checkbox\" name=\"categories[]\" value=\"Ricettivo\"  \/><span class=\"um-field-checkbox-state\"><i class=\"um-icon-android-checkbox-outline-blank\"><\/i><\/span><span class=\"um-field-checkbox-option\">Ricettivo<\/span><\/label><div class=\"um-clear\"><\/div><label class=\"um-field-checkbox  um-field-half\"><input   type=\"checkbox\" name=\"categories[]\" value=\"Logistico\/Industriale\"  \/><span class=\"um-field-checkbox-state\"><i class=\"um-icon-android-checkbox-outline-blank\"><\/i><\/span><span class=\"um-field-checkbox-option\">Logistico\/Industriale<\/span><\/label><label class=\"um-field-checkbox  um-field-half  right\"><input   type=\"checkbox\" name=\"categories[]\" value=\"Commerciale\"  \/><span class=\"um-field-checkbox-state\"><i class=\"um-icon-android-checkbox-outline-blank\"><\/i><\/span><span class=\"um-field-checkbox-option\">Commerciale<\/span><\/label><div class=\"um-clear\"><\/div><label class=\"um-field-checkbox  um-field-half\"><input   type=\"checkbox\" name=\"categories[]\" value=\"Health Care\"  \/><span class=\"um-field-checkbox-state\"><i class=\"um-icon-android-checkbox-outline-blank\"><\/i><\/span><span class=\"um-field-checkbox-option\">Health Care<\/span><\/label><label class=\"um-field-checkbox  um-field-half  right\"><input   type=\"checkbox\" name=\"categories[]\" value=\"Uffici\"  \/><span class=\"um-field-checkbox-state\"><i class=\"um-icon-android-checkbox-outline-blank\"><\/i><\/span><span class=\"um-field-checkbox-option\">Uffici<\/span><\/label><div class=\"um-clear\"><\/div><label class=\"um-field-checkbox  um-field-half\"><input   type=\"checkbox\" name=\"categories[]\" value=\"Terreni\"  \/><span class=\"um-field-checkbox-state\"><i class=\"um-icon-android-checkbox-outline-blank\"><\/i><\/span><span class=\"um-field-checkbox-option\">Terreni<\/span><\/label><label class=\"um-field-checkbox  um-field-half  right\"><input   type=\"checkbox\" name=\"categories[]\" value=\"Altro\"  \/><span class=\"um-field-checkbox-state\"><i class=\"um-icon-android-checkbox-outline-blank\"><\/i><\/span><span class=\"um-field-checkbox-option\">Altro<\/span><\/label><div class=\"um-clear\"><\/div><div class=\"um-clear\"><\/div><\/div><\/div><\/div><\/div>\n<!-- This file should primarily consist of HTML with a little bit of PHP. -->\n<div class=\"um-field um-field-type_terms_conditions\" data-key=\"use_terms_conditions_agreement\" style=\"display:block;padding:0;\">\n\t<div class=\"um-field-area\">\n\t\t<div class=\"um-gdpr-content\" style=\"display:none;\">\n\t\t\t\n<div style=\"height:100px\" aria-hidden=\"true\" class=\"wp-block-spacer\"><\/div>\n\n\n\n<div class=\"inherit-container-width wp-block-group alignfull is-layout-constrained wp-block-group-is-layout-constrained\">\n<h3 class=\"wp-block-heading\">INFORMATIVA PRIVACY<\/h3>\n\n\n\n<p><br>Gentile utente\/visitatore, ringraziandoti per aver visitato il nostro sito <a href=\"https:\/\/kimrealestate.it\/en\/\">https:\/\/kimrealestate.it<\/a>, in questa pagina descriviamo le modalit\u00e0 di trattamento dei dati personali degli utenti che consultano ed aderiscono ai servizi presenti sul nostro sito internet ed interagiscono via web, e-mail od altro strumento telematico con noi, come previsto dall&#8217;articolo 13 dal Regolamento generale sulla protezione dei dati UE 2016\/679 (\u201cGDPR\u201d).<\/p>\n\n\n\n<h4 class=\"has-text-align-left wp-block-heading\">Il Titolare del trattamento e DPO (Data Protection Officer)<\/h4>\n\n\n\n<p><br>Il titolare del trattamento \u00e8 KRUK Italia S.r.l. , Piazza della Trivulziana 4\/A, 20126 Milano e sede operativa in via Taviani n. 170, 19125 La Spezia Dati di contatto: \u2013 telefono: 0187 1560200 \u2013 fax: 0187 506665 \u2013 e-mail: <ins>servizioclienti@it.kruk.eu<\/ins>.<br>Il titolare del trattamento ha nominato il responsabile della protezione dei dati personali (DPO) contattabile al seguente indirizzo email: dpo@it.kruk.eu.<\/p>\n\n\n\n<h4 class=\"wp-block-heading\">Che tipo di dati trattiamo e per quanto li conserviamo?<\/h4>\n\n\n\n<p><\/p>\n\n\n\n<p class=\"has-ast-global-color-1-color has-text-color\"><strong>a) Dati di navigazione<\/strong><\/p>\n\n\n\n<p>I sistemi informatici e le procedure software preposte al funzionamento di questo sito acquisiscono, nel normale esercizio e per la sola durata della connessione, alcuni dati che vengono poi trasmessi implicitamente nell\u2019uso dei protocolli di comunicazione Internet.<br>Tali informazioni non vengono raccolte con lo scopo di associarle agli utenti ma, per loro stessa natura, potrebbero, attraverso elaborazioni ed associazioni con dati detenuti da terzi, permettere di identificarli. Questi dati vengono cancellati poche ore dopo l\u2019elaborazione.<\/p>\n\n\n\n<p class=\"has-ast-global-color-1-color has-text-color\"><br><strong>b) Cookies<\/strong><\/p>\n\n\n\n<p>Il presente sito utilizza cookies o marcatori, che tecnicamente sono pacchetti di informazioni inviate da un web server (in questo caso, dal presente sito) al browser dell\u2019utente e da quest\u2019ultimo memorizzati sul proprio dispositivo (personal computer, tablet, cellulare, ecc.).<br>Questi dati vengono utilizzati al solo fine di ricavare informazioni statistiche anonime sull\u2019uso del sito e per controllarne il corretto funzionamento e vengono cancellate immediatamente dopo l\u2019elaborazione. I dati potrebbero, altres\u00ec, essere utilizzati per l\u2019accertamento di responsabilit\u00e0 in caso di reati informatici ai danni del sito. Per conoscere le tipologie e le finalit\u00e0 dei cookie utilizzati e il loro preciso periodo di conservazione puoi consultare la Cookie Policy nonch\u00e9 il cookie banner cliccando su \u2018mostra dettagli\u2019 per visualizzare il cookie bot.<\/p>\n\n\n\n<p class=\"has-ast-global-color-1-color has-text-color\"><br><strong>c) Dati forniti volontariamente dagli utenti\/visitatori<\/strong><\/p>\n\n\n\n<p>Qualora collegandoti a questo sito deciderai, laddove previsto, di contattare KRUK Italia mediante l\u2019opzione <strong>CONTATTACI<\/strong>, KRUK Italia tratter\u00e0 gli eventuali dati personali contenuti nell\u2019email per poter gestire la richiesta. I dati verranno conservati per il tempo necessario al fine di risposta alla richiesta di informazioni.<\/p>\n\n\n\n<h4 class=\"wp-block-heading\">Con quale modalit\u00e0 vengono trattati i tuoi dati?<br><\/h4>\n\n\n\n<p>I tuoi dati sono trattati con il supporto di mezzi informatici e telematici e sono protetti attraverso adeguate misure di sicurezza idonee a garantirne la riservatezza e l\u2019integrit\u00e0.<\/p>\n\n\n\n<p>In particolare, KRUK Italia S.r.l. ha adottato e adotta misure organizzative, procedurali e tecniche, appropriate per proteggere i tuoi dati contro la perdita, il furto, nonch\u00e9 l\u2019uso, la divulgazione o la modifica non autorizzata.<\/p>\n\n\n\n<h4 class=\"wp-block-heading\">Quali sono le finalit\u00e0 del trattamento e la base giuridica?<\/h4>\n\n\n\n<p>KRUK Italia S.r.l. tratta i tuoi dati di navigazione anonimi al fine di monitorare il funzionamento tecnico e le prestazioni del sito, per capire come migliorare i servizi e farli evolvere. Tali dati sono necessari a garantire l\u2019erogazione del sito. Per il trattamento di questa tipologia di dati \u00e8 l\u2019interesse legittimo del titolare.<\/p>\n\n\n\n<p>Per quanto riguarda i Cookie occorre differenziare in base allo scopo:<\/p>\n\n\n\n<p>\u2022 Cookies Tecnici: sono fondamentali per il funzionamento del sito; Per questi tipi di cookie la base giuridica \u00e8 l\u2019interesse legittimo del titolare.<\/p>\n\n\n\n<p>\u2022 Cookie Assimilabili a Tecnici: cookies analitici di terze parti che trattano i dati in forma aggregata ed anonima per scopi statistici; Base giuridica interesse legittimo del titolare.<\/p>\n\n\n\n<p>\u2022 Cookie Funzionali: consentono al sito web di memorizzare informazioni che ne influenzano il comportamento o l\u2019aspetto, quali, per esempio, la memorizzazione di nome utente e password. Per questi tipi di cookie la base giuridica \u00e8 il consenso.<\/p>\n\n\n\n<p>L\u2019interessato pu\u00f2 rifiutarsi di conferire al Titolare i dati di navigazione; per fare ci\u00f2 deve disabilitare i cookies seguendo le istruzioni fornite dal browser in uso come da Cookies policy. La disabilitazione dei cookies pu\u00f2 peggiorare la navigazione delle funzionalit\u00e0 del sito. In ogni momento sar\u00e0 possibile modificare il consenso utilizzando l\u2019icona a forma di ingranaggio in fondo alla pagina.<\/p>\n\n\n\n<h4 class=\"wp-block-heading\"><strong>Attivit\u00e0 di Registrazione e Comunicazione di informazioni relative alle categorie di interesse<\/strong><\/h4>\n\n\n\n<p>Per poter accedere a tutti i contenuti del sito \u00e8 richiesta una registrazione.&nbsp; I dati personali richiesti in fase di registrazione sono: il nome e cognome e l\u2019 indirizzo e-mail (obbligatori) ; il numero di telefono, l\u2019indicazione della societ\u00e0 di appartenenza, del ruolo e la categoria di interesse degli immobili (opzionali).<\/p>\n\n\n\n<p>L\u2019indicazione di una categoria degli immobili \u00e8 funzionale all\u2019invio di comunicazioni personalizzate relative ai propri interessi selezionati.<\/p>\n\n\n\n<p>La base giuridica del trattamento \u00e8 il consenso dell\u2019interessato.<\/p>\n\n\n\n<h4 class=\"wp-block-heading\">Il Trasferimento dati<\/h4>\n\n\n\n<p>La gestione e la conservazione dei dati personali avverranno su server ubicati all\u2019interno dell\u2019Unione Europea.<\/p>\n\n\n\n<p>Per quanto riguarda i cookies la relativa disciplina in merito al trasferimento dati si rinvia alla cookie policy.<\/p>\n\n\n\n<h4 class=\"wp-block-heading\"><br>A chi possono essere comunicati i tuoi dati?<\/h4>\n\n\n\n<p>I dati anonimi e i dati forniti volontariamente dagli utenti\/visitatori, potrebbero essere comunicati a partner e fornitori che supportano KRUK Italia S.r.l. nell\u2019erogazione del presente sito, i quali saranno nominati da KRUK Italia S.r.l. quali Responsabili del trattamento. La societ\u00e0 che sviluppa e gestisce il portale di cui al nostro sito, qualificata e designata come Responsabile del trattamento dei dati.<\/p>\n\n\n\n<p>Potrai richiedere l\u2019elenco aggiornato di tali Responsabili contattando i riferimenti del Titolare e del DPO.<\/p>\n\n\n\n<p>Inoltre, i tuoi dati potrebbero essere comunicati a soggetti, enti o autorit\u00e0 a cui la comunicazione dei dati sia obbligatoria per legge.<\/p>\n\n\n\n<h4 class=\"wp-block-heading\"><br>Cookie Policy<\/h4>\n\n\n\n<p><br>Questo sito, come la maggior parte dei siti, fa uso dei cookies, ossia file di testo creati per memorizzare delle informazioni di navigazione. Le informazioni minime contenute in un cookie sono il nome del sito internet (il dominio o l\u2019indirizzo IP del sito) dal quale il cookie stesso proviene, la sua \u2018durata\u2019 (ovvero, l\u2019indicazione del momento in cui lo stesso scade) ed un valore che, il pi\u00f9 delle volte, \u00e8 una sequenza di caratteri casuale. Per un pi\u00f9 dettagliato approfondimento si rinvia alla Cookie policy.<\/p>\n\n\n\n<h4 class=\"wp-block-heading\">Quali sono i tuoi diritti?<\/h4>\n\n\n\n<p>In ogni momento puoi accedere alle informazioni che ti riguardano e chiederne l\u2019aggiornamento, la rettificazione e l\u2019integrazione, nonch\u00e9 la cancellazione, la trasformazione in forma anonima o il blocco. Potrai altres\u00ec opporti in tutto o in parte al trattamento.<\/p>\n\n\n\n<p>Per esercitare questi e gli altri diritti di cui agli articoli 15-22 del GDPR, puoi scrivere a KRUK Italia S.r.l. o al DPO (email: dpo@it.kruk.eu). In caso di consenso, puoi revocarlo in qualsiasi momento.<\/p>\n\n\n\n<p>Inoltre, hai il diritto di rivolgerti al Garante per la protezione dei dati personali o ad altra autorit\u00e0 per proporre un reclamo in merito al trattamento dei tuoi dati personali seguendo il link:<\/p>\n\n\n\n<p><a href=\"https:\/\/www.garanteprivacy.it\/\">Home \u2013 Garante Privacy<\/a><\/p>\n\n\n\n<h4 class=\"wp-block-heading\"><br>Modifiche, aggiornamenti e informativa clienti<\/h4>\n\n\n\n<p>La presente informativa pu\u00f2 subire modifiche nel tempo \u2013 anche connesse all\u2019eventuale entrata in vigore di nuove normative di settore, all\u2019aggiornamento o erogazione di nuovi servizi ovvero ad intervenute innovazioni tecnologiche \u2013 per cui ti invitiamo a consultare periodicamente questa pagina.<\/p>\n<\/div>\n\t\t<\/div>\n\n\t\t\n\t\t<a href=\"javascript:void(0);\" class=\"um-toggle-gdpr\" data-toggle-state=\"hidden\"\n\t\t   data-toggle-show=\"Leggi la privacy policy\"\n\t\t   data-toggle-hide=\"Chiudi la privacy policy\">\n\t\t\tLeggi la privacy policy\t\t<\/a>\n\t<\/div>\n\t<div class=\"um-field-area\">\n\n\t\t\n\t\t<label class=\"um-field-checkbox\">\n\t\t\t<input type=\"checkbox\" name=\"use_gdpr_agreement\" value=\"1\">\n\t\t\t<span class=\"um-field-checkbox-state\"><i class=\"um-icon-android-checkbox-outline-blank\"><\/i><\/span>\n\t\t\t<span class=\"um-field-checkbox-option\">Ho preso visione dell\u2019informativa sulla privacy e desidero ricevere comunicazioni sulle categorie di immobili sopra indicate<\/span>\n\t\t<\/label>\n\t\t<div class=\"um-clear\"><\/div>\n\n\t\t\n\t\t<div class=\"um-clear\"><\/div>\n\t<\/div>\n<\/div>\n\t\t<input type=\"hidden\" name=\"form_id\" id=\"form_id_709\" value=\"709\" \/>\n\t\n\t<p class=\"um_request_name\">\n\t\t<label for=\"um_request_709\">Only fill in if you are not human<\/label>\n\t\t<input type=\"hidden\" name=\"um_request\" id=\"um_request_709\" class=\"input\" value=\"\" size=\"25\" autocomplete=\"off\" \/>\n\t<\/p>\n\n\t<input type=\"hidden\" id=\"_wpnonce\" name=\"_wpnonce\" value=\"8590310096\" \/><input type=\"hidden\" name=\"_wp_http_referer\" value=\"\/en\/wp-json\/wp\/v2\/pages\/715\" \/>\n\t<div class=\"um-col-alt\">\n\n\t\t\n\t\t\t<div class=\"um-center\">\n\t\t\t\t<input type=\"submit\" value=\"Registrati\" class=\"um-button\" id=\"um-submit-btn\" \/>\n\t\t\t<\/div>\n\n\t\t\n\t\t<div class=\"um-clear\"><\/div>\n\n\t<\/div>\n\n\t\t\t<input type=\"hidden\" name=\"trp-form-language\" value=\"en\"\/><\/form>\n\t<\/div>\n<\/div>\n<style>\n\t\t\t.um-709.um {\n\t\t\tmax-width: 450px;\n\t\t}\n\t\t<\/style>","protected":false},"excerpt":{"rendered":"","protected":false},"author":1,"featured_media":0,"parent":0,"menu_order":0,"comment_status":"closed","ping_status":"closed","template":"","meta":{"_uag_custom_page_level_css":"","site-sidebar-layout":"default","site-content-layout":"default","ast-global-header-display":"","ast-banner-title-visibility":"","ast-main-header-display":"","ast-hfb-above-header-display":"","ast-hfb-below-header-display":"","ast-hfb-mobile-header-display":"","site-post-title":"","ast-breadcrumbs-content":"","ast-featured-img":"","footer-sml-layout":"","theme-transparent-header-meta":"","adv-header-id-meta":"","stick-header-meta":"","header-above-stick-meta":"","header-main-stick-meta":"","header-below-stick-meta":"","footnotes":""},"class_list":["post-715","page","type-page","status-publish","hentry"],"uagb_featured_image_src":{"full":false,"thumbnail":false,"medium":false,"medium_large":false,"large":false,"1536x1536":false,"2048x2048":false,"trp-custom-language-flag":false},"uagb_author_info":{"display_name":"Admin","author_link":"https:\/\/kimrealestate.it\/en\/author\/admin\/"},"uagb_comment_info":0,"uagb_excerpt":null,"_links":{"self":[{"href":"https:\/\/kimrealestate.it\/en\/wp-json\/wp\/v2\/pages\/715","targetHints":{"allow":["GET"]}}],"collection":[{"href":"https:\/\/kimrealestate.it\/en\/wp-json\/wp\/v2\/pages"}],"about":[{"href":"https:\/\/kimrealestate.it\/en\/wp-json\/wp\/v2\/types\/page"}],"author":[{"embeddable":true,"href":"https:\/\/kimrealestate.it\/en\/wp-json\/wp\/v2\/users\/1"}],"replies":[{"embeddable":true,"href":"https:\/\/kimrealestate.it\/en\/wp-json\/wp\/v2\/comments?post=715"}],"version-history":[{"count":2,"href":"https:\/\/kimrealestate.it\/en\/wp-json\/wp\/v2\/pages\/715\/revisions"}],"predecessor-version":[{"id":736,"href":"https:\/\/kimrealestate.it\/en\/wp-json\/wp\/v2\/pages\/715\/revisions\/736"}],"wp:attachment":[{"href":"https:\/\/kimrealestate.it\/en\/wp-json\/wp\/v2\/media?parent=715"}],"curies":[{"name":"wp","href":"https:\/\/api.w.org\/{rel}","templated":true}]}}