{"id":538,"date":"2022-08-08T15:59:24","date_gmt":"2022-08-08T13:59:24","guid":{"rendered":"https:\/\/kimrealestate.it\/?page_id=538"},"modified":"2025-09-18T15:32:45","modified_gmt":"2025-09-18T13:32:45","slug":"chi-siamo","status":"publish","type":"page","link":"https:\/\/kimrealestate.it\/en\/chi-siamo\/","title":{"rendered":"Chi Siamo"},"content":{"rendered":"<div class=\"n2_clear\"><ss3-force-full-width data-overflow-x=\"body\" data-horizontal-selector=\"\"><ss3-fullpage data-based-on=\"real\" data-threshold=\"150\"><div class=\"n2-section-smartslider fitvidsignore  n2_clear\" data-ssid=\"30\" tabindex=\"0\" role=\"region\" aria-label=\"Slider\"><div id=\"n2-ss-30-align\" class=\"n2-ss-align\"><div class=\"n2-padding\"><div id=\"n2-ss-30\" data-creator=\"Smart Slider 3\" data-responsive=\"fullpage\" class=\"n2-ss-slider n2-ow n2-has-hover n2notransition\">\n        <div class=\"n2-ss-slider-1 n2_ss__touch_element n2-ow\">\n            <div class=\"n2-ss-slider-2 n2-ow\">\n                                                    <div class=\"n2-ss-background-animation n2-ow\"><\/div>\n                                <div class=\"n2-ss-slider-3 n2-ow\">\n\n                    <div class=\"n2-ss-slide-backgrounds n2-ow-all\"><div class=\"n2-ss-slide-background\" data-public-id=\"1\" data-mode=\"fill\"><div class=\"n2-ss-slide-background-image\" data-blur=\"0\" data-opacity=\"100\" data-x=\"50\" data-y=\"50\" data-alt=\"\" data-title=\"\"><picture class=\"skip-lazy\" data-skip-lazy=\"1\"><source srcset=\"\/\/kimrealestate.it\/wp-content\/uploads\/slider\/cache\/6979fc54fbe7107dd808fc909d13cb19\/shutterstock_81372907-web.webp\" type=\"image\/webp\" media=\"(max-width: 500px)\" class=\"skip-lazy\" data-skip-lazy=\"1\"><source srcset=\"\/\/kimrealestate.it\/wp-content\/uploads\/slider\/cache\/602f96a5991331813c2e1f87afcbd737\/shutterstock_81372907-web.webp\" type=\"image\/webp\" media=\"(max-width: 1200px)\" class=\"skip-lazy\" data-skip-lazy=\"1\"><source srcset=\"\/\/kimrealestate.it\/wp-content\/uploads\/slider\/cache\/5af7add0c262c8225d9f7cc925a0f930\/shutterstock_81372907-web.webp\" type=\"image\/webp\" class=\"skip-lazy\" data-skip-lazy=\"1\"><img decoding=\"async\" src=\"\/\/kimrealestate.it\/wp-content\/uploads\/slider\/cache\/6a80c764c8dac3d321210bb90acf488c\/shutterstock_81372907-web.jpg\" alt=\"\" title=\"\" loading=\"lazy\" class=\"skip-lazy\" data-skip-lazy=\"1\"><\/picture><\/div><div data-color=\"RGBA(255,255,255,0)\" style=\"background-color: RGBA(255,255,255,0);\" class=\"n2-ss-slide-background-color\"><\/div><\/div><\/div>                    <div class=\"n2-ss-slider-4 n2-ow\">\n                        <div data-first=\"1\" data-slide-duration=\"0\" data-id=\"144\" data-slide-public-id=\"1\" data-title=\"Intro\" class=\"n2-ss-slide n2-ow  n2-ss-slide-144\"><div role=\"note\" class=\"n2-ss-slide--focus\" tabindex=\"-1\">Intro<\/div><div class=\"n2-ss-layers-container n2-ss-slide-limiter n2-ow\"><div class=\"n2-ss-layer n2-ow n-uc-2G6qkw96nyON\" data-sstype=\"slide\" data-pm=\"default\"><div class=\"n2-ss-layer n2-ow n-uc-KjK26S1xBOXg\" data-pm=\"default\" data-sstype=\"content\" data-hasbackground=\"0\"><div class=\"n2-ss-section-main-content n2-ss-layer-with-background n2-ss-layer-content n2-ow n-uc-KjK26S1xBOXg-inner\"><div class=\"n2-ss-layer n2-ow n-uc-z6ostlTWwr09\" data-pm=\"normal\" data-sstype=\"layer\"><div id=\"n2-ss-30item1\" class=\"n2-font-3a1c84e6112990d3e6016746b6ef6ba9-hover n2-style-f8293b450b12ef15d5c4ff97a617a3e3-heading   n2-ss-item-content n2-ss-text n2-ow\" style=\"display:block;\">Un gruppo internazionale innovativo<br><\/div><\/div><div class=\"n2-ss-layer n2-ow n-uc-1abb287756e63\" data-pm=\"normal\" data-sstype=\"layer\"><div id=\"n2-ss-30item2\" class=\"n2-font-3a1c84e6112990d3e6016746b6ef6ba9-hover n2-style-f8293b450b12ef15d5c4ff97a617a3e3-heading   n2-ss-item-content n2-ss-text n2-ow\" style=\"display:block;\">sempre un passo avanti<\/div><\/div><\/div><\/div><\/div><\/div><\/div>                    <\/div>\n\n                                    <\/div>\n            <\/div>\n        <\/div>\n        <\/div><ss3-loader><\/ss3-loader><\/div><\/div><div class=\"n2_clear\"><\/div><\/div><\/ss3-fullpage><\/ss3-force-full-width><\/div>\n\n\n<div class=\"inherit-container-width wp-block-group alignfull has-ast-global-color-5-background-color has-background is-layout-constrained wp-block-group-is-layout-constrained\">\n<p class=\"has-medium-font-size\">KIM Real Estate \u00e8 una <strong>piattaforma<\/strong> gestita da <a href=\"https:\/\/it.kruk.eu\/business-partner\" target=\"_blank\" rel=\"noreferrer noopener\">KRUK Italia<\/a>.<\/p>\n\n\n\n<p class=\"has-medium-font-size\">Rappresenta un mezzo <strong>innovativo<\/strong> per far conoscere e portare a nuova vita il patrimonio immobiliare dato a garanzia dei crediti gestiti dalla societ\u00e0.<\/p>\n\n\n\n<p class=\"has-medium-font-size\">Improntata sulla filosofia di <strong>circolarit\u00e0<\/strong> e <strong>sostenibilit\u00e0<\/strong>, KIM Real Estate \u00e8 lo strumento migliore per connettere clienti e investitori: la piattaforma si propone di facilitare la dismissione di immobili, trovando il giusto investitore ed elaborando la strategia migliore. <\/p>\n\n\n\n<div style=\"height:20px\" aria-hidden=\"true\" class=\"wp-block-spacer\"><\/div>\n\n\n\n<h2 class=\"wp-block-heading\">Il Gruppo<\/h2>\n\n\n\n<p class=\"has-medium-font-size\">Il gruppo KRUK \u00e8 tra le pi\u00f9 importanti e innovative multinazionali operanti nella gestione del credito. Fondato a Wroclaw (Polonia) nel 1998 e quotato sulla Borsa di Varsavia e sul mercato obbligazionario del Warsaw Stock Exchange, il gruppo \u00e8 diventato uno dei leader europei nel mercato della gestione del credito.<\/p>\n\n\n\n<p class=\"has-medium-font-size\">Grazie ad una crescita costante e ad un processo di internazionalizzazione, KRUK ha avviato la propria attivit\u00e0 in diversi Paesi europei tra i quali, dal 2015, l\u2019Italia, dove ha effettuato importanti investimenti in portafogli di <em>Non Performing Loan<\/em> (NPL) e, nel 2018, ha acquisito Agecredit S.r.l., societ\u00e0 specializzata nel servicing.<\/p>\n\n\n\n<p class=\"has-medium-font-size\">Dal 2019, al fine di consolidare la propria presenza sul mercato nazionale, KRUK ha avviato la linea di business <em>Corporate<\/em>, concentrandosi sull\u2019acquisizione di portafogli di crediti anche con sottostante immobiliare.<\/p>\n\n\n\n<div style=\"height:60px\" aria-hidden=\"true\" class=\"wp-block-spacer\"><\/div>\n\n\n\n<div class=\"wp-block-uagb-container uag-hide-mob uagb-block-4f8f7851 alignfull uagb-is-root-container\"><div class=\"uagb-container-inner-blocks-wrap\">\n<figure class=\"wp-block-gallery alignwide has-nested-images columns-4 wp-block-gallery-1 is-layout-flex wp-block-gallery-is-layout-flex\">\n<figure class=\"wp-block-image size-full\"><img loading=\"lazy\" decoding=\"async\" width=\"352\" height=\"142\" data-id=\"412\" src=\"https:\/\/kimrealestate.it\/wp-content\/uploads\/2022\/07\/asso_fondo-bianco.jpeg\" alt=\"\" class=\"wp-image-412\" srcset=\"https:\/\/kimrealestate.it\/wp-content\/uploads\/2022\/07\/asso_fondo-bianco.jpeg 352w, https:\/\/kimrealestate.it\/wp-content\/uploads\/2022\/07\/asso_fondo-bianco-300x121.jpeg 300w, https:\/\/kimrealestate.it\/wp-content\/uploads\/2022\/07\/asso_fondo-bianco-18x7.jpeg 18w\" sizes=\"auto, (max-width: 352px) 100vw, 352px\" \/><\/figure>\n\n\n\n<figure class=\"wp-block-image size-full\"><img loading=\"lazy\" decoding=\"async\" width=\"733\" height=\"300\" data-id=\"552\" src=\"https:\/\/kimrealestate.it\/wp-content\/uploads\/2022\/08\/logo-nuovo-small-733x300-1.jpeg\" alt=\"\" class=\"wp-image-552\" srcset=\"https:\/\/kimrealestate.it\/wp-content\/uploads\/2022\/08\/logo-nuovo-small-733x300-1.jpeg 733w, https:\/\/kimrealestate.it\/wp-content\/uploads\/2022\/08\/logo-nuovo-small-733x300-1-300x123.jpeg 300w, https:\/\/kimrealestate.it\/wp-content\/uploads\/2022\/08\/logo-nuovo-small-733x300-1-18x7.jpeg 18w\" sizes=\"auto, (max-width: 733px) 100vw, 733px\" \/><\/figure>\n\n\n\n<figure class=\"wp-block-image size-full\"><img loading=\"lazy\" decoding=\"async\" width=\"297\" height=\"117\" data-id=\"553\" src=\"https:\/\/kimrealestate.it\/wp-content\/uploads\/2022\/08\/logo-header.png\" alt=\"\" class=\"wp-image-553\" srcset=\"https:\/\/kimrealestate.it\/wp-content\/uploads\/2022\/08\/logo-header.png 297w, https:\/\/kimrealestate.it\/wp-content\/uploads\/2022\/08\/logo-header-18x7.png 18w\" sizes=\"auto, (max-width: 297px) 100vw, 297px\" \/><\/figure>\n<\/figure>\n<\/div><\/div>\n\n\n\n<div class=\"wp-block-uagb-container uag-hide-desktop uag-hide-tab uagb-block-45674811 alignfull uagb-is-root-container\"><div class=\"uagb-container-inner-blocks-wrap\">\n<figure class=\"wp-block-gallery alignwide has-nested-images columns-1 is-cropped wp-block-gallery-2 is-layout-flex wp-block-gallery-is-layout-flex\">\n<figure class=\"wp-block-image size-full\"><img loading=\"lazy\" decoding=\"async\" width=\"352\" height=\"142\" data-id=\"412\" src=\"https:\/\/kimrealestate.it\/wp-content\/uploads\/2022\/07\/asso_fondo-bianco.jpeg\" alt=\"\" class=\"wp-image-412\" srcset=\"https:\/\/kimrealestate.it\/wp-content\/uploads\/2022\/07\/asso_fondo-bianco.jpeg 352w, https:\/\/kimrealestate.it\/wp-content\/uploads\/2022\/07\/asso_fondo-bianco-300x121.jpeg 300w, https:\/\/kimrealestate.it\/wp-content\/uploads\/2022\/07\/asso_fondo-bianco-18x7.jpeg 18w\" sizes=\"auto, (max-width: 352px) 100vw, 352px\" \/><\/figure>\n\n\n\n<figure class=\"wp-block-image size-full\"><img loading=\"lazy\" decoding=\"async\" width=\"733\" height=\"300\" data-id=\"552\" src=\"https:\/\/kimrealestate.it\/wp-content\/uploads\/2022\/08\/logo-nuovo-small-733x300-1.jpeg\" alt=\"\" class=\"wp-image-552\" srcset=\"https:\/\/kimrealestate.it\/wp-content\/uploads\/2022\/08\/logo-nuovo-small-733x300-1.jpeg 733w, https:\/\/kimrealestate.it\/wp-content\/uploads\/2022\/08\/logo-nuovo-small-733x300-1-300x123.jpeg 300w, https:\/\/kimrealestate.it\/wp-content\/uploads\/2022\/08\/logo-nuovo-small-733x300-1-18x7.jpeg 18w\" sizes=\"auto, (max-width: 733px) 100vw, 733px\" \/><\/figure>\n\n\n\n<figure class=\"wp-block-image size-full\"><img loading=\"lazy\" decoding=\"async\" width=\"297\" height=\"117\" data-id=\"553\" src=\"https:\/\/kimrealestate.it\/wp-content\/uploads\/2022\/08\/logo-header.png\" alt=\"\" class=\"wp-image-553\" srcset=\"https:\/\/kimrealestate.it\/wp-content\/uploads\/2022\/08\/logo-header.png 297w, https:\/\/kimrealestate.it\/wp-content\/uploads\/2022\/08\/logo-header-18x7.png 18w\" sizes=\"auto, (max-width: 297px) 100vw, 297px\" \/><\/figure>\n<\/figure>\n<\/div><\/div>\n\n\n\n<p class=\"has-medium-font-size\">KRUK Italia \u00e8 socio di Confindustria Assoimmobiliare, \u00a0associazione T.S.E.I. \u2013 Tavolo di Studio sulle Esecuzioni Italiane.<\/p>\n\n\n\n<p class=\"has-medium-font-size\">\u00c8, inoltre, membro affiliato UNIREC \u2013 Unione Nazionale Imprese a Tutela del Credito.<\/p>\n<\/div>","protected":false},"excerpt":{"rendered":"<p>KIM Real Estate \u00e8 una piattaforma gestita da KRUK Italia. Rappresenta un mezzo innovativo per far conoscere e portare a nuova vita il patrimonio immobiliare dato a garanzia dei crediti gestiti dalla societ\u00e0. Improntata sulla filosofia di circolarit\u00e0 e sostenibilit\u00e0, KIM Real Estate \u00e8 lo strumento migliore per connettere clienti e investitori: la piattaforma si &hellip;<\/p>\n<p class=\"read-more\"> <a class=\"\" href=\"https:\/\/kimrealestate.it\/en\/chi-siamo\/\"> <span class=\"screen-reader-text\">Chi Siamo<\/span> Read More \u00bb<\/a><\/p>","protected":false},"author":1,"featured_media":0,"parent":0,"menu_order":0,"comment_status":"closed","ping_status":"closed","template":"","meta":{"_uag_custom_page_level_css":"","site-sidebar-layout":"default","site-content-layout":"default","ast-global-header-display":"","ast-banner-title-visibility":"","ast-main-header-display":"","ast-hfb-above-header-display":"","ast-hfb-below-header-display":"","ast-hfb-mobile-header-display":"","site-post-title":"disabled","ast-breadcrumbs-content":"","ast-featured-img":"","footer-sml-layout":"","theme-transparent-header-meta":"","adv-header-id-meta":"","stick-header-meta":"","header-above-stick-meta":"","header-main-stick-meta":"","header-below-stick-meta":"","footnotes":""},"class_list":["post-538","page","type-page","status-publish","hentry"],"uagb_featured_image_src":{"full":false,"thumbnail":false,"medium":false,"medium_large":false,"large":false,"1536x1536":false,"2048x2048":false,"trp-custom-language-flag":false},"uagb_author_info":{"display_name":"Admin","author_link":"https:\/\/kimrealestate.it\/en\/author\/admin\/"},"uagb_comment_info":0,"uagb_excerpt":"KIM Real Estate \u00e8 una piattaforma gestita da KRUK Italia. Rappresenta un mezzo innovativo per far conoscere e portare a nuova vita il patrimonio immobiliare dato a garanzia dei crediti gestiti dalla societ\u00e0. Improntata sulla filosofia di circolarit\u00e0 e sostenibilit\u00e0, KIM Real Estate \u00e8 lo strumento migliore per connettere clienti e investitori: la piattaforma si&hellip;","_links":{"self":[{"href":"https:\/\/kimrealestate.it\/en\/wp-json\/wp\/v2\/pages\/538","targetHints":{"allow":["GET"]}}],"collection":[{"href":"https:\/\/kimrealestate.it\/en\/wp-json\/wp\/v2\/pages"}],"about":[{"href":"https:\/\/kimrealestate.it\/en\/wp-json\/wp\/v2\/types\/page"}],"author":[{"embeddable":true,"href":"https:\/\/kimrealestate.it\/en\/wp-json\/wp\/v2\/users\/1"}],"replies":[{"embeddable":true,"href":"https:\/\/kimrealestate.it\/en\/wp-json\/wp\/v2\/comments?post=538"}],"version-history":[{"count":40,"href":"https:\/\/kimrealestate.it\/en\/wp-json\/wp\/v2\/pages\/538\/revisions"}],"predecessor-version":[{"id":1281,"href":"https:\/\/kimrealestate.it\/en\/wp-json\/wp\/v2\/pages\/538\/revisions\/1281"}],"wp:attachment":[{"href":"https:\/\/kimrealestate.it\/en\/wp-json\/wp\/v2\/media?parent=538"}],"curies":[{"name":"wp","href":"https:\/\/api.w.org\/{rel}","templated":true}]}}