{"id":388,"date":"2022-07-28T15:46:25","date_gmt":"2022-07-28T13:46:25","guid":{"rendered":"https:\/\/kimrealestate.it\/?page_id=388"},"modified":"2022-08-29T15:08:09","modified_gmt":"2022-08-29T13:08:09","slug":"cosa-offriamo","status":"publish","type":"page","link":"https:\/\/kimrealestate.it\/en\/cosa-offriamo\/","title":{"rendered":"Cosa Offriamo"},"content":{"rendered":"<div class=\"n2_clear\"><ss3-force-full-width data-overflow-x=\"body\" data-horizontal-selector=\"\"><ss3-fullpage data-based-on=\"real\" data-threshold=\"150\"><div class=\"n2-section-smartslider fitvidsignore  n2_clear\" data-ssid=\"19\" tabindex=\"0\" role=\"region\" aria-label=\"Slider\"><div id=\"n2-ss-19-align\" class=\"n2-ss-align\"><div class=\"n2-padding\"><div id=\"n2-ss-19\" data-creator=\"Smart Slider 3\" data-responsive=\"fullpage\" class=\"n2-ss-slider n2-ow n2-has-hover n2notransition\">\n\n\n\n<div class=\"n2-ss-slider-wrapper-inside\">\n        <div class=\"n2-ss-slider-1 n2_ss__touch_element n2-ow\">\n            <div class=\"n2-ss-slider-2 n2-ow\">\n                                                    <div class=\"n2-ss-background-animation n2-ow\"><\/div>\n                                <div class=\"n2-ss-slider-3 n2-ow\">\n\n                    <div class=\"n2-ss-slide-backgrounds n2-ow-all\"><div class=\"n2-ss-slide-background\" data-public-id=\"1\" data-mode=\"fill\"><div class=\"n2-ss-slide-background-image\" data-blur=\"0\" data-opacity=\"100\" data-x=\"52\" data-y=\"50\" data-alt=\"\" data-title=\"\" style=\"--ss-o-pos-x:52%\"><picture class=\"skip-lazy\" data-skip-lazy=\"1\"><source srcset=\"\/\/kimrealestate.it\/wp-content\/uploads\/slider\/cache\/0bc360dd3b2a77c9974736600a5fca70\/Vittorio-Manuele-pexels-francesco-ungaro-215515-scaled.webp\" type=\"image\/webp\" media=\"(max-width: 500px)\" class=\"skip-lazy\" data-skip-lazy=\"1\"><source srcset=\"\/\/kimrealestate.it\/wp-content\/uploads\/slider\/cache\/bd2206a680f33a36eab678f51a7e5ed7\/Vittorio-Manuele-pexels-francesco-ungaro-215515-scaled.webp\" type=\"image\/webp\" media=\"(max-width: 1200px)\" class=\"skip-lazy\" data-skip-lazy=\"1\"><source srcset=\"\/\/kimrealestate.it\/wp-content\/uploads\/slider\/cache\/b49d30c1b612d38280102e3eca638f31\/Vittorio-Manuele-pexels-francesco-ungaro-215515-scaled.webp\" type=\"image\/webp\" class=\"skip-lazy\" data-skip-lazy=\"1\"><img decoding=\"async\" src=\"\/\/kimrealestate.it\/wp-content\/uploads\/slider\/cache\/354bdd58a381b2cbb2167933b9182885\/Vittorio-Manuele-pexels-francesco-ungaro-215515-scaled.jpg\" alt=\"\" title=\"\" loading=\"lazy\" class=\"skip-lazy\" data-skip-lazy=\"1\"><\/picture><\/div><div data-color=\"RGBA(255,255,255,0)\" style=\"background-color: RGBA(255,255,255,0);\" class=\"n2-ss-slide-background-color\" data-overlay=\"1\"><\/div><\/div><div class=\"n2-ss-slide-background\" data-public-id=\"2\" data-mode=\"fill\"><div class=\"n2-ss-slide-background-image\" data-blur=\"0\" data-opacity=\"100\" data-x=\"50\" data-y=\"50\" data-alt=\"\" data-title=\"\"><picture class=\"skip-lazy\" data-skip-lazy=\"1\"><source srcset=\"\/\/kimrealestate.it\/wp-content\/uploads\/slider\/cache\/7b09e29c1a91fdff8984f21610aabdc1\/Sostenibilita-pexels-mark-neal-3830433-scaled.webp\" type=\"image\/webp\" media=\"(max-width: 500px)\" class=\"skip-lazy\" data-skip-lazy=\"1\"><source srcset=\"\/\/kimrealestate.it\/wp-content\/uploads\/slider\/cache\/510fe4fe9213c146250655e77aa8ed61\/Sostenibilita-pexels-mark-neal-3830433-scaled.webp\" type=\"image\/webp\" media=\"(max-width: 1200px)\" class=\"skip-lazy\" data-skip-lazy=\"1\"><source srcset=\"\/\/kimrealestate.it\/wp-content\/uploads\/slider\/cache\/93641c275f2afdcdd95071a86c31e4b1\/Sostenibilita-pexels-mark-neal-3830433-scaled.webp\" type=\"image\/webp\" class=\"skip-lazy\" data-skip-lazy=\"1\"><img decoding=\"async\" src=\"\/\/kimrealestate.it\/wp-content\/uploads\/slider\/cache\/4ac588e4feff15e0e5045c0ac095958f\/Sostenibilita-pexels-mark-neal-3830433-scaled.jpg\" alt=\"\" title=\"\" loading=\"lazy\" class=\"skip-lazy\" data-skip-lazy=\"1\"><\/picture><\/div><div data-color=\"RGBA(255,255,255,0)\" style=\"background-color: RGBA(255,255,255,0);\" class=\"n2-ss-slide-background-color\"><\/div><\/div><div class=\"n2-ss-slide-background\" data-public-id=\"3\" data-mode=\"fill\"><div class=\"n2-ss-slide-background-image\" data-blur=\"0\" data-opacity=\"100\" data-x=\"50\" data-y=\"50\" data-alt=\"\" data-title=\"\"><picture class=\"skip-lazy\" data-skip-lazy=\"1\"><source srcset=\"\/\/kimrealestate.it\/wp-content\/uploads\/slider\/cache\/7148c4b80eb6460f3b997311e95e7ac1\/Sostenibilita-legno-pexels-mart-production-7316908-scaled.webp\" type=\"image\/webp\" media=\"(max-width: 500px)\" class=\"skip-lazy\" data-skip-lazy=\"1\"><source srcset=\"\/\/kimrealestate.it\/wp-content\/uploads\/slider\/cache\/c923f9fe13098f3f2710fcc6ca5e47f0\/Sostenibilita-legno-pexels-mart-production-7316908-scaled.webp\" type=\"image\/webp\" media=\"(max-width: 1200px)\" class=\"skip-lazy\" data-skip-lazy=\"1\"><source srcset=\"\/\/kimrealestate.it\/wp-content\/uploads\/slider\/cache\/e740a73a6fa465dfcb0da1ff76233b9d\/Sostenibilita-legno-pexels-mart-production-7316908-scaled.webp\" type=\"image\/webp\" class=\"skip-lazy\" data-skip-lazy=\"1\"><img decoding=\"async\" src=\"\/\/kimrealestate.it\/wp-content\/uploads\/slider\/cache\/0437fd77d87aba4b258d620794cd98bf\/Sostenibilita-legno-pexels-mart-production-7316908-scaled.jpg\" alt=\"\" title=\"\" loading=\"lazy\" class=\"skip-lazy\" data-skip-lazy=\"1\"><\/picture><\/div><div data-color=\"RGBA(255,255,255,0)\" style=\"background-color: RGBA(255,255,255,0);\" class=\"n2-ss-slide-background-color\"><\/div><\/div><div class=\"n2-ss-slide-background\" data-public-id=\"4\" data-mode=\"fill\"><div class=\"n2-ss-slide-background-image\" data-blur=\"0\" data-opacity=\"100\" data-x=\"50\" data-y=\"50\" data-alt=\"\" data-title=\"\"><picture class=\"skip-lazy\" data-skip-lazy=\"1\"><source srcset=\"\/\/kimrealestate.it\/wp-content\/uploads\/slider\/cache\/379c694a75a3f83749157506f2b2fda9\/Sguardo-pexels-pixabay-417294-scaled.webp\" type=\"image\/webp\" media=\"(max-width: 500px)\" class=\"skip-lazy\" data-skip-lazy=\"1\"><source srcset=\"\/\/kimrealestate.it\/wp-content\/uploads\/slider\/cache\/d9fe7551da859bdf5ed7255065cce1cc\/Sguardo-pexels-pixabay-417294-scaled.webp\" type=\"image\/webp\" media=\"(max-width: 1200px)\" class=\"skip-lazy\" data-skip-lazy=\"1\"><source srcset=\"\/\/kimrealestate.it\/wp-content\/uploads\/slider\/cache\/209648371b5969c78c828047d7b9117a\/Sguardo-pexels-pixabay-417294-scaled.webp\" type=\"image\/webp\" class=\"skip-lazy\" data-skip-lazy=\"1\"><img decoding=\"async\" src=\"\/\/kimrealestate.it\/wp-content\/uploads\/slider\/cache\/c0c8533fab91ce65564fecee7ff32d81\/Sguardo-pexels-pixabay-417294-scaled.jpg\" alt=\"\" title=\"\" loading=\"lazy\" class=\"skip-lazy\" data-skip-lazy=\"1\"><\/picture><\/div><div data-color=\"RGBA(255,255,255,0)\" style=\"background-color: RGBA(255,255,255,0);\" class=\"n2-ss-slide-background-color\"><\/div><\/div><div class=\"n2-ss-slide-background\" data-public-id=\"5\" data-mode=\"fill\"><div class=\"n2-ss-slide-background-image\" data-blur=\"0\" data-opacity=\"100\" data-x=\"50\" data-y=\"50\" data-alt=\"\" data-title=\"\"><picture class=\"skip-lazy\" data-skip-lazy=\"1\"><source srcset=\"\/\/kimrealestate.it\/wp-content\/uploads\/slider\/cache\/25555ac1f538002b32c4cacca80b98b4\/Innovazione-Blu-senza-nuvole-Gruppo-internazionale-pexels-ga-huy-410696-scaled.webp\" type=\"image\/webp\" media=\"(max-width: 500px)\" class=\"skip-lazy\" data-skip-lazy=\"1\"><source srcset=\"\/\/kimrealestate.it\/wp-content\/uploads\/slider\/cache\/b23dc8eab7793f261e0b6d8515b4b68b\/Innovazione-Blu-senza-nuvole-Gruppo-internazionale-pexels-ga-huy-410696-scaled.webp\" type=\"image\/webp\" media=\"(max-width: 1200px)\" class=\"skip-lazy\" data-skip-lazy=\"1\"><source srcset=\"\/\/kimrealestate.it\/wp-content\/uploads\/slider\/cache\/4b0731357df404af24ee2843275cc357\/Innovazione-Blu-senza-nuvole-Gruppo-internazionale-pexels-ga-huy-410696-scaled.webp\" type=\"image\/webp\" class=\"skip-lazy\" data-skip-lazy=\"1\"><img decoding=\"async\" src=\"\/\/kimrealestate.it\/wp-content\/uploads\/slider\/cache\/924cc52344e6985df29d030d2e2c93fa\/Innovazione-Blu-senza-nuvole-Gruppo-internazionale-pexels-ga-huy-410696-scaled.jpg\" alt=\"\" title=\"\" loading=\"lazy\" class=\"skip-lazy\" data-skip-lazy=\"1\"><\/picture><\/div><div data-color=\"RGBA(255,255,255,0)\" style=\"background-color: RGBA(255,255,255,0);\" class=\"n2-ss-slide-background-color\"><\/div><\/div><div class=\"n2-ss-slide-background\" data-public-id=\"6\" data-mode=\"fill\"><div class=\"n2-ss-slide-background-image\" data-blur=\"0\" data-opacity=\"100\" data-x=\"50\" data-y=\"50\" data-alt=\"\" data-title=\"\"><picture class=\"skip-lazy\" data-skip-lazy=\"1\"><source srcset=\"\/\/kimrealestate.it\/wp-content\/uploads\/slider\/cache\/d96ce23f42536610e59b322d7eaf615c\/Innovazione-Blu-pexels-wewe-yang-4525358-scaled.webp\" type=\"image\/webp\" media=\"(max-width: 500px)\" class=\"skip-lazy\" data-skip-lazy=\"1\"><source srcset=\"\/\/kimrealestate.it\/wp-content\/uploads\/slider\/cache\/1ccac54d9a3828e0b9f3ad38f11c98bc\/Innovazione-Blu-pexels-wewe-yang-4525358-scaled.webp\" type=\"image\/webp\" media=\"(max-width: 1200px)\" class=\"skip-lazy\" data-skip-lazy=\"1\"><source srcset=\"\/\/kimrealestate.it\/wp-content\/uploads\/slider\/cache\/8653b74b030abc38da053fd2b1f6a21f\/Innovazione-Blu-pexels-wewe-yang-4525358-scaled.webp\" type=\"image\/webp\" class=\"skip-lazy\" data-skip-lazy=\"1\"><img decoding=\"async\" src=\"\/\/kimrealestate.it\/wp-content\/uploads\/slider\/cache\/d644b37eacb40534204070a15818c444\/Innovazione-Blu-pexels-wewe-yang-4525358-scaled.jpg\" alt=\"\" title=\"\" loading=\"lazy\" class=\"skip-lazy\" data-skip-lazy=\"1\"><\/picture><\/div><div data-color=\"RGBA(255,255,255,0)\" style=\"background-color: RGBA(255,255,255,0);\" class=\"n2-ss-slide-background-color\"><\/div><\/div><\/div>                    <div class=\"n2-ss-slider-4 n2-ow\">\n                        <div data-first=\"1\" data-slide-duration=\"0\" data-id=\"208\" data-slide-public-id=\"1\" data-title=\"Offerta\" class=\"n2-ss-slide n2-ow  n2-ss-slide-208\"><div role=\"note\" class=\"n2-ss-slide--focus\" tabindex=\"-1\">Offerta<\/div><div class=\"n2-ss-layers-container n2-ss-slide-limiter n2-ow\"><div class=\"n2-ss-layer n2-ow n-uc-FTHNRDPpqp95\" data-sstype=\"slide\" data-pm=\"default\"><div class=\"n2-ss-layer n2-ow n-uc-BIzN9RKik4BP\" data-pm=\"default\" data-sstype=\"content\" data-hasbackground=\"0\"><div class=\"n2-ss-section-main-content n2-ss-layer-with-background n2-ss-layer-content n2-ow n-uc-BIzN9RKik4BP-inner\"><div class=\"n2-ss-layer n2-ow n-uc-VrqUxjJjlWBM\" data-pm=\"normal\" data-sstype=\"layer\"><div id=\"n2-ss-19item1\" class=\"n2-ss-highlighted-heading-wrapper n2-font-a4ef03114778381501db65e178bc26dc-highlight  n2-style-8edb89cbf089d9f635432dd9353ca14a-highlight  n2-ss-item-content n2-ss-text n2-ow\"><div class=\"n2-ss-highlighted-heading-before\">Opportunit\u00e0 <\/div><div class=\"n2-highlighted n2-ss-highlighted-heading-highlighted n2-ow\" data-highlight=\"rectangle2\" data-animate=\"1\" data-delay=\"2000\" data-loop-delay=\"2000\"><div class=\"n2-ss-highlighted-heading-highlighted-text\">uniche<\/div><svg xmlns=\"http:\/\/www.w3.org\/2000\/svg\" viewbox=\"0 0 500 200\" preserveaspectratio=\"none\">\n    <path d=\"M455,170 C392,148 24,163 9,165 C7,138 3,50 5,29 C28,25 461,-6 495,20 C494,44 493,137 492,150\"><\/path>\n<\/svg>\n<\/div><div class=\"n2-ss-highlighted-heading-after\"> d\u2019investimento<\/div><\/div><\/div><\/div><\/div><\/div><\/div><\/div><div data-slide-duration=\"0\" data-id=\"75\" data-slide-public-id=\"2\" data-title=\"Cosa Offriamo\" class=\"n2-ss-slide n2-ow  n2-ss-slide-75\"><div role=\"note\" class=\"n2-ss-slide--focus\" tabindex=\"-1\">Cosa Offriamo<\/div><div class=\"n2-ss-layers-container n2-ss-slide-limiter n2-ow\"><div class=\"n2-ss-layer n2-ow n-uc-bqRNAjfOVA5Q\" data-sstype=\"slide\" data-pm=\"default\"><div class=\"n2-ss-layer n2-ow n-uc-9KD2Cg1ab0IP\" data-pm=\"default\" data-animv2=\"{&quot;basic&quot;:{&quot;in&quot;:{&quot;type&quot;:&quot;basic&quot;,&quot;name&quot;:&quot;Fade da sopra&quot;,&quot;keyFrames&quot;:[{&quot;opacity&quot;:0,&quot;y&quot;:400}]}}}\" data-sstype=\"content\" data-hasbackground=\"0\"><div class=\"n2-ss-section-main-content n2-ss-layer-with-background n2-ss-layer-content n2-ow n-uc-9KD2Cg1ab0IP-inner\"><div class=\"n2-ss-layer n2-ow n2-ss-layer--block n2-ss-has-self-align n-uc-otIZGGSTd7t3\" data-pm=\"normal\" data-animv2=\"{&quot;basic&quot;:{&quot;in&quot;:{&quot;type&quot;:&quot;basic&quot;,&quot;name&quot;:&quot;Fade da sopra&quot;,&quot;keyFrames&quot;:[{&quot;opacity&quot;:0,&quot;y&quot;:400}]}}}\" data-sstype=\"row\"><div class=\"n2-ss-layer-row n2-ss-layer-with-background n-uc-otIZGGSTd7t3-inner\"><div class=\"n2-ss-layer-row-inner\"><div class=\"n2-ss-layer n2-ow n-uc-SwHN38WDfje9\" data-pm=\"default\" data-sstype=\"col\"><div class=\"n2-ss-layer-col n2-ss-layer-with-background n2-ss-layer-content n-uc-SwHN38WDfje9-inner\"><div class=\"n2-ss-layer n2-ow n-uc-RRwrhmguKBBc\" data-pm=\"normal\" data-sstype=\"layer\"><div class=\"n2-ss-item-content n2-ss-text n2-ow-all\"><div class=\"\"><p class=\"n2-font-1433820d6a89e7df5a821c187b469b1f-paragraph\">KIM Real Estate \u00e8 la prima piattaforma in Italia volta a presentare a operatori del mercato immobiliare asset da rigenerare posti a garanzia di crediti.<br \/>\n<br \/>\nLe attivit\u00e0 di KIM Real Estate consentono di connettere cliente e investitore, supportandoli e rendendo pi\u00f9 semplice, rapido e trasparente il processo di cessione di immobili con elevate potenzialit\u00e0 in termini di redditivit\u00e0 e valore.<br \/>\n<br \/>\nIl servizio di KIM Real Estate \u00e8 studiato per soddisfare le esigenze di tutte le parti coinvolte: al cliente viene proposta la soluzione ad una situazione di criticit\u00e0 finanziaria; all\u2019investitore sono presentati asset non facilmente reperibili sul mercato e che rappresentano interessanti opportunit\u00e0 di investimento.<\/p>\n<\/div><\/div><\/div><\/div><\/div><\/div><\/div><\/div><\/div><\/div><\/div><\/div><\/div><div data-slide-duration=\"0\" data-id=\"143\" data-slide-public-id=\"3\" data-title=\"Innovazione\" class=\"n2-ss-slide n2-ow  n2-ss-slide-143\"><div role=\"note\" class=\"n2-ss-slide--focus\" tabindex=\"-1\">Innovazione<\/div><div class=\"n2-ss-layers-container n2-ss-slide-limiter n2-ow\"><div class=\"n2-ss-layer n2-ow n-uc-x7VvaxpvsVG2\" data-sstype=\"slide\" data-pm=\"default\"><div class=\"n2-ss-layer n2-ow n-uc-rXBEnpEKpokF\" data-pm=\"default\" data-sstype=\"content\" data-hasbackground=\"0\"><div class=\"n2-ss-section-main-content n2-ss-layer-with-background n2-ss-layer-content n2-ow n-uc-rXBEnpEKpokF-inner\"><div class=\"n2-ss-layer n2-ow n2-ss-layer--block n2-ss-has-self-align n-uc-ILlpFp8AMBr8\" data-pm=\"normal\" data-animv2=\"{&quot;basic&quot;:{&quot;in&quot;:{&quot;type&quot;:&quot;basic&quot;,&quot;name&quot;:&quot;Fade da sopra&quot;,&quot;keyFrames&quot;:[{&quot;opacity&quot;:0,&quot;y&quot;:400}]}}}\" data-sstype=\"row\"><div class=\"n2-ss-layer-row n2-ss-layer-with-background n-uc-ILlpFp8AMBr8-inner\"><div class=\"n2-ss-layer-row-inner\"><div class=\"n2-ss-layer n2-ow n-uc-lTVfwDcj0KqA\" data-pm=\"default\" data-sstype=\"col\"><div class=\"n2-ss-layer-col n2-ss-layer-with-background n2-ss-layer-content n-uc-lTVfwDcj0KqA-inner\"><div class=\"n2-ss-layer n2-ow n-uc-M0ca9TJU2Itf\" data-pm=\"normal\" data-sstype=\"layer\"><div id=\"n2-ss-19item3\" class=\"n2-font-cfac6f88e1f44674856b7f45722dcfaa-hover   n2-ss-item-content n2-ss-text n2-ow\" style=\"display:block;\">Innovazione<\/div><\/div><div class=\"n2-ss-layer n2-ow n-uc-ud5SgTEoJzK4\" data-pm=\"normal\" data-sstype=\"layer\"><div class=\"n2-ss-item-content n2-ss-text n2-ow-all\"><div class=\"\"><p class=\"n2-font-1433820d6a89e7df5a821c187b469b1f-paragraph\">KIM Real Estate rappresenta un\u2019innovativa piattaforma digitale volta a semplificare la cessione di immobili dati a garanzia di crediti propri e in gestione conto terzi.<\/p>\n<\/div><\/div><\/div><\/div><\/div><\/div><\/div><\/div><\/div><\/div><\/div><\/div><\/div><div data-slide-duration=\"0\" data-id=\"82\" data-slide-public-id=\"4\" data-title=\"Trasparenza\" class=\"n2-ss-slide n2-ow  n2-ss-slide-82\"><div role=\"note\" class=\"n2-ss-slide--focus\" tabindex=\"-1\">Trasparenza<\/div><div class=\"n2-ss-layers-container n2-ss-slide-limiter n2-ow\"><div class=\"n2-ss-layer n2-ow n-uc-oPtodXe0lK5j\" data-sstype=\"slide\" data-pm=\"default\"><div class=\"n2-ss-layer n2-ow n-uc-uI3U2QJVr1Ga\" data-pm=\"default\" data-sstype=\"content\" data-hasbackground=\"0\"><div class=\"n2-ss-section-main-content n2-ss-layer-with-background n2-ss-layer-content n2-ow n-uc-uI3U2QJVr1Ga-inner\"><div class=\"n2-ss-layer n2-ow n2-ss-layer--block n2-ss-has-self-align n-uc-6eIJrlVRzvXJ\" data-pm=\"normal\" data-animv2=\"{&quot;basic&quot;:{&quot;in&quot;:{&quot;type&quot;:&quot;basic&quot;,&quot;name&quot;:&quot;Fade da sopra&quot;,&quot;keyFrames&quot;:[{&quot;opacity&quot;:0,&quot;y&quot;:400}]}}}\" data-sstype=\"row\"><div class=\"n2-ss-layer-row n2-ss-layer-with-background n-uc-6eIJrlVRzvXJ-inner\"><div class=\"n2-ss-layer-row-inner\"><div class=\"n2-ss-layer n2-ow n-uc-6hTB8CdYmRQs\" data-pm=\"default\" data-sstype=\"col\"><div class=\"n2-ss-layer-col n2-ss-layer-with-background n2-ss-layer-content n-uc-6hTB8CdYmRQs-inner\"><div class=\"n2-ss-layer n2-ow n-uc-ufx92gtanjVh\" data-pm=\"normal\" data-sstype=\"layer\"><div id=\"n2-ss-19item5\" class=\"n2-font-cfac6f88e1f44674856b7f45722dcfaa-hover   n2-ss-item-content n2-ss-text n2-ow\" style=\"display:block;\">Trasparenza<\/div><\/div><div class=\"n2-ss-layer n2-ow n-uc-3EoBifdMjQuS\" data-pm=\"normal\" data-sstype=\"layer\"><div class=\"n2-ss-item-content n2-ss-text n2-ow-all\"><div class=\"\"><p class=\"n2-font-1433820d6a89e7df5a821c187b469b1f-paragraph\">Sfruttando un processo semplice e trasparente, in accordo con il cliente, KIM Real Estate si propone di facilitare la dismissione dell\u2019immobile dato a garanzia del credito, trovando il giusto investitore.<\/p>\n<\/div><\/div><\/div><\/div><\/div><\/div><\/div><\/div><\/div><\/div><\/div><\/div><\/div><div data-slide-duration=\"0\" data-id=\"83\" data-slide-public-id=\"5\" data-title=\"Valorizzazione\" class=\"n2-ss-slide n2-ow  n2-ss-slide-83\"><div role=\"note\" class=\"n2-ss-slide--focus\" tabindex=\"-1\">Valorizzazione<\/div><div class=\"n2-ss-layers-container n2-ss-slide-limiter n2-ow\"><div class=\"n2-ss-layer n2-ow n-uc-HuVc803BeSvd\" data-sstype=\"slide\" data-pm=\"default\"><div class=\"n2-ss-layer n2-ow n-uc-W1vrRYT18RbM\" data-pm=\"default\" data-sstype=\"content\" data-hasbackground=\"0\"><div class=\"n2-ss-section-main-content n2-ss-layer-with-background n2-ss-layer-content n2-ow n-uc-W1vrRYT18RbM-inner\"><div class=\"n2-ss-layer n2-ow n2-ss-layer--block n2-ss-has-self-align n-uc-GLtwvNMa8Jz2\" data-pm=\"normal\" data-animv2=\"{&quot;basic&quot;:{&quot;in&quot;:{&quot;type&quot;:&quot;basic&quot;,&quot;name&quot;:&quot;Fade da sopra&quot;,&quot;keyFrames&quot;:[{&quot;opacity&quot;:0,&quot;y&quot;:400}]}}}\" data-sstype=\"row\"><div class=\"n2-ss-layer-row n2-ss-layer-with-background n-uc-GLtwvNMa8Jz2-inner\"><div class=\"n2-ss-layer-row-inner\"><div class=\"n2-ss-layer n2-ow n-uc-cy2SPsBAdaEf\" data-pm=\"default\" data-sstype=\"col\"><div class=\"n2-ss-layer-col n2-ss-layer-with-background n2-ss-layer-content n-uc-cy2SPsBAdaEf-inner\"><div class=\"n2-ss-layer n2-ow n-uc-VVYZ8dZF2xZZ\" data-pm=\"normal\" data-sstype=\"layer\"><div id=\"n2-ss-19item7\" class=\"n2-font-cfac6f88e1f44674856b7f45722dcfaa-hover   n2-ss-item-content n2-ss-text n2-ow\" style=\"display:block;\">Valorizzazione<\/div><\/div><div class=\"n2-ss-layer n2-ow n-uc-WZzzadqbTPYG\" data-pm=\"normal\" data-sstype=\"layer\"><div class=\"n2-ss-item-content n2-ss-text n2-ow-all\"><div class=\"\"><p class=\"n2-font-1433820d6a89e7df5a821c187b469b1f-paragraph\">Proponiamo a operatori del mercato immobiliare asset non adeguatamente valorizzati ma con importanti potenzialit\u00e0 in termini di performance.<\/p>\n<\/div><\/div><\/div><\/div><\/div><\/div><\/div><\/div><\/div><\/div><\/div><\/div><\/div><div data-slide-duration=\"0\" data-id=\"84\" data-slide-public-id=\"6\" data-title=\"Sostenibilit\u00e0\" class=\"n2-ss-slide n2-ow  n2-ss-slide-84\"><div role=\"note\" class=\"n2-ss-slide--focus\" tabindex=\"-1\">Sostenibilit\u00e0<\/div><div class=\"n2-ss-layers-container n2-ss-slide-limiter n2-ow\"><div class=\"n2-ss-layer n2-ow n-uc-2R75wkvR5hYJ\" data-sstype=\"slide\" data-pm=\"default\"><div class=\"n2-ss-layer n2-ow n-uc-0B7NjnGwsF0s\" data-pm=\"default\" data-sstype=\"content\" data-hasbackground=\"0\"><div class=\"n2-ss-section-main-content n2-ss-layer-with-background n2-ss-layer-content n2-ow n-uc-0B7NjnGwsF0s-inner\"><div class=\"n2-ss-layer n2-ow n2-ss-layer--block n2-ss-has-self-align n-uc-S1olGlmMQnDU\" data-pm=\"normal\" data-animv2=\"{&quot;basic&quot;:{&quot;in&quot;:{&quot;type&quot;:&quot;basic&quot;,&quot;name&quot;:&quot;Fade da sopra&quot;,&quot;keyFrames&quot;:[{&quot;opacity&quot;:0,&quot;y&quot;:400}]}}}\" data-sstype=\"row\"><div class=\"n2-ss-layer-row n2-ss-layer-with-background n-uc-S1olGlmMQnDU-inner\"><div class=\"n2-ss-layer-row-inner\"><div class=\"n2-ss-layer n2-ow n-uc-fJKkD0s627g8\" data-pm=\"default\" data-sstype=\"col\"><div class=\"n2-ss-layer-col n2-ss-layer-with-background n2-ss-layer-content n-uc-fJKkD0s627g8-inner\"><div class=\"n2-ss-layer n2-ow n-uc-KYVfJTKgNG6F\" data-pm=\"normal\" data-sstype=\"layer\"><div id=\"n2-ss-19item9\" class=\"n2-font-cfac6f88e1f44674856b7f45722dcfaa-hover   n2-ss-item-content n2-ss-text n2-ow\" style=\"display:block;\">Sostenibilit\u00e0<\/div><\/div><div class=\"n2-ss-layer n2-ow n-uc-kVhhfSbDqDfT\" data-pm=\"normal\" data-sstype=\"layer\"><div class=\"n2-ss-item-content n2-ss-text n2-ow-all\"><div class=\"\"><p class=\"n2-font-1433820d6a89e7df5a821c187b469b1f-paragraph\">KIM Real Estate rappresenta il primo tassello di una rigenerazione immobiliare e, in molti casi, la fine delle difficolt\u00e0 economiche per il cliente, consentendogli spesso di proseguire il proprio business.<\/p>\n<\/div><\/div><\/div><\/div><\/div><\/div><\/div><\/div><\/div><\/div><\/div><\/div><\/div>                    <\/div>\n\n                                    <\/div>\n            <\/div>\n        <\/div>\n        <div class=\"n2-ss-slider-controls n2-ss-slider-controls-absolute-center-top\"><div style=\"--widget-offset:15px;\" class=\"n2-ss-widget n2-style-3ae8768b150803757f2732c1dfe626ee-heading nextend-arrow n2-ow-all nextend-arrow-previous  nextend-arrow-animated-fade\" id=\"n2-ss-19-arrow-previous\" role=\"button\" aria-label=\"previous arrow\" tabindex=\"0\"><img loading=\"lazy\" decoding=\"async\" width=\"32\" height=\"32\" class=\"skip-lazy\" data-skip-lazy=\"1\" src=\"data:image\/svg+xml;base64,PHN2ZyB3aWR0aD0iMzIiIGhlaWdodD0iMzIiIHZpZXdCb3g9IjAgMCAzMiAzMiIgeG1sbnM9Imh0dHA6Ly93d3cudzMub3JnLzIwMDAvc3ZnIj4KICAgIDxwYXRoIGQ9Ik04LjQyIDIxLjU4bDcuNTgzLTcuOTYyIDcuNDg1IDcuODZjLjI2Mi4zMi42NS41MjIgMS4wODMuNTIyLjc5IDAgMS40My0uNjcyIDEuNDMtMS41IDAtLjQwMy0uMTUtLjc2OC0uMzk3LTEuMDM3bC4wMDQtLjAwNS04LjU3LTloLS4wMDJjLS4yNi0uMjgyLS42MjQtLjQ1OC0xLjAyOC0uNDU4SDE2Yy0uNDA0IDAtLjc3LjE3Ni0xLjAzLjQ2di0uMDAybC04LjU3IDljLS4yNDcuMjctLjQuNjM4LS40IDEuMDQyIDAgLjgzLjY0IDEuNSAxLjQzIDEuNS4zODQgMCAuNzMzLS4xNi45OS0uNDJ6IgogICAgICAgICAgZmlsbD0iI2ZmZmZmZiIgb3BhY2l0eT0iMC44IiBmaWxsLXJ1bGU9ImV2ZW5vZGQiLz4KPC9zdmc+\" alt=\"previous arrow\"><\/div><\/div><div class=\"n2-ss-slider-controls n2-ss-slider-controls-absolute-center-bottom\"><div style=\"--widget-offset:15px;\" class=\"n2-ss-widget n2-style-3ae8768b150803757f2732c1dfe626ee-heading nextend-arrow n2-ow-all nextend-arrow-next  nextend-arrow-animated-fade\" id=\"n2-ss-19-arrow-next\" role=\"button\" aria-label=\"next arrow\" tabindex=\"0\"><img loading=\"lazy\" decoding=\"async\" width=\"32\" height=\"32\" class=\"skip-lazy\" data-skip-lazy=\"1\" src=\"data:image\/svg+xml;base64,PHN2ZyB3aWR0aD0iMzIiIGhlaWdodD0iMzIiIHZpZXdCb3g9IjAgMCAzMiAzMiIgeG1sbnM9Imh0dHA6Ly93d3cudzMub3JnLzIwMDAvc3ZnIj4KICAgIDxwYXRoIGQ9Ik0yMy41OCAxMC40MmwtNy41ODMgNy45NjItNy40ODUtNy44NkM4LjI1IDEwLjIwMiA3Ljg2MiAxMCA3LjQzIDEwIDYuNjQgMTAgNiAxMC42NyA2IDExLjVjMCAuNDAzLjE1Ljc2OC4zOTggMS4wMzdsLS4wMDQuMDA0IDguNTcgOS4wMDNoLjAwMmMuMjYuMjgyLjYyNC40NTggMS4wMjguNDU4SDE2Yy40MDQgMCAuNzctLjE3NSAxLjAzLS40NnYuMDAzbDguNTctOWMuMjQ3LS4yNy40LS42MzcuNC0xLjA0MiAwLS44My0uNjQtMS41LTEuNDMtMS41LS4zODQgMC0uNzMzLjE2LS45OS40MnoiCiAgICAgICAgICBmaWxsPSIjZmZmZmZmIiBvcGFjaXR5PSIwLjgiIGZpbGwtcnVsZT0iZXZlbm9kZCIvPgo8L3N2Zz4=\" alt=\"next arrow\"><\/div><\/div><\/div><\/div><ss3-loader><\/ss3-loader><\/div><\/div><div class=\"n2_clear\"><\/div><\/div><\/ss3-fullpage><\/ss3-force-full-width><\/div>","protected":false},"excerpt":{"rendered":"","protected":false},"author":1,"featured_media":0,"parent":0,"menu_order":0,"comment_status":"closed","ping_status":"closed","template":"","meta":{"_uag_custom_page_level_css":"","site-sidebar-layout":"default","site-content-layout":"default","ast-global-header-display":"","ast-banner-title-visibility":"","ast-main-header-display":"","ast-hfb-above-header-display":"","ast-hfb-below-header-display":"","ast-hfb-mobile-header-display":"","site-post-title":"disabled","ast-breadcrumbs-content":"","ast-featured-img":"","footer-sml-layout":"","theme-transparent-header-meta":"","adv-header-id-meta":"","stick-header-meta":"","header-above-stick-meta":"","header-main-stick-meta":"","header-below-stick-meta":"","footnotes":""},"class_list":["post-388","page","type-page","status-publish","hentry"],"uagb_featured_image_src":{"full":false,"thumbnail":false,"medium":false,"medium_large":false,"large":false,"1536x1536":false,"2048x2048":false,"trp-custom-language-flag":false},"uagb_author_info":{"display_name":"Admin","author_link":"https:\/\/kimrealestate.it\/en\/author\/admin\/"},"uagb_comment_info":0,"uagb_excerpt":null,"_links":{"self":[{"href":"https:\/\/kimrealestate.it\/en\/wp-json\/wp\/v2\/pages\/388","targetHints":{"allow":["GET"]}}],"collection":[{"href":"https:\/\/kimrealestate.it\/en\/wp-json\/wp\/v2\/pages"}],"about":[{"href":"https:\/\/kimrealestate.it\/en\/wp-json\/wp\/v2\/types\/page"}],"author":[{"embeddable":true,"href":"https:\/\/kimrealestate.it\/en\/wp-json\/wp\/v2\/users\/1"}],"replies":[{"embeddable":true,"href":"https:\/\/kimrealestate.it\/en\/wp-json\/wp\/v2\/comments?post=388"}],"version-history":[{"count":10,"href":"https:\/\/kimrealestate.it\/en\/wp-json\/wp\/v2\/pages\/388\/revisions"}],"predecessor-version":[{"id":809,"href":"https:\/\/kimrealestate.it\/en\/wp-json\/wp\/v2\/pages\/388\/revisions\/809"}],"wp:attachment":[{"href":"https:\/\/kimrealestate.it\/en\/wp-json\/wp\/v2\/media?parent=388"}],"curies":[{"name":"wp","href":"https:\/\/api.w.org\/{rel}","templated":true}]}}