{"id":1103,"date":"2023-01-23T09:07:56","date_gmt":"2023-01-23T08:07:56","guid":{"rendered":"https:\/\/kimrealestate.it\/?page_id=1103"},"modified":"2024-12-08T21:56:30","modified_gmt":"2024-12-08T20:56:30","slug":"immobile-commerciale-reggio-emilia","status":"publish","type":"page","link":"https:\/\/kimrealestate.it\/en\/immobile-commerciale-reggio-emilia\/","title":{"rendered":"Immobile ad uso commerciale sito in provincia di Reggio Emilia (RE)"},"content":{"rendered":"<div class=\"wp-block-cover alignfull has-custom-content-position is-position-bottom-left\" style=\"min-height:430px;aspect-ratio:unset;\"><span aria-hidden=\"true\" class=\"wp-block-cover__background has-background-dim-60 has-background-dim wp-block-cover__gradient-background has-background-gradient\" style=\"background:linear-gradient(0deg,rgb(0,0,0) 0%,rgba(155,81,224,0) 100%)\"><\/span><img loading=\"lazy\" decoding=\"async\" width=\"1981\" height=\"1486\" class=\"wp-block-cover__image-background wp-image-978\" alt=\"\" src=\"http:\/\/kimrealestate.it\/wp-content\/uploads\/2022\/09\/aerial-view-shopping-mall-of-goods-with-a-lot-of-p-2022-08-01-04-00-11-utc-web.jpg\" style=\"object-position:21% 67%\" data-object-fit=\"cover\" data-object-position=\"21% 67%\" srcset=\"https:\/\/kimrealestate.it\/wp-content\/uploads\/2022\/09\/aerial-view-shopping-mall-of-goods-with-a-lot-of-p-2022-08-01-04-00-11-utc-web.jpg 1981w, https:\/\/kimrealestate.it\/wp-content\/uploads\/2022\/09\/aerial-view-shopping-mall-of-goods-with-a-lot-of-p-2022-08-01-04-00-11-utc-web-300x225.jpg 300w, https:\/\/kimrealestate.it\/wp-content\/uploads\/2022\/09\/aerial-view-shopping-mall-of-goods-with-a-lot-of-p-2022-08-01-04-00-11-utc-web-1024x768.jpg 1024w, https:\/\/kimrealestate.it\/wp-content\/uploads\/2022\/09\/aerial-view-shopping-mall-of-goods-with-a-lot-of-p-2022-08-01-04-00-11-utc-web-768x576.jpg 768w, https:\/\/kimrealestate.it\/wp-content\/uploads\/2022\/09\/aerial-view-shopping-mall-of-goods-with-a-lot-of-p-2022-08-01-04-00-11-utc-web-1536x1152.jpg 1536w, https:\/\/kimrealestate.it\/wp-content\/uploads\/2022\/09\/aerial-view-shopping-mall-of-goods-with-a-lot-of-p-2022-08-01-04-00-11-utc-web-16x12.jpg 16w\" sizes=\"auto, (max-width: 1981px) 100vw, 1981px\" \/><div class=\"wp-block-cover__inner-container is-layout-flow wp-block-cover-is-layout-flow\">\n<div class=\"inherit-container-width wp-block-group alignfull is-layout-constrained wp-block-group-is-layout-constrained\">\n<h1 class=\"wp-block-heading has-ast-global-color-5-color has-text-color has-link-color has-medium-font-size wp-elements-5538abeb4e644cc10b02541f5ae99502\">Immobile ad uso commerciale sito in provincia di Reggio Emilia (RE)<\/h1>\n\n\n<\/div>\n<\/div><\/div>\n\n\n\n<div class=\"wp-block-uagb-container uagb-block-c2d89303 alignfull uagb-is-root-container\"><div class=\"uagb-container-inner-blocks-wrap\">\n<div class=\"wp-block-cover alignfull is-light\"><span aria-hidden=\"true\" class=\"wp-block-cover__background has-background-dim-0 has-background-dim\"><\/span><img loading=\"lazy\" decoding=\"async\" width=\"1884\" height=\"988\" class=\"wp-block-cover__image-background wp-image-895\" alt=\"\" src=\"https:\/\/kimrealestate.it\/wp-content\/uploads\/2022\/09\/kim-scheda-nologin.jpg\" data-object-fit=\"cover\" srcset=\"https:\/\/kimrealestate.it\/wp-content\/uploads\/2022\/09\/kim-scheda-nologin.jpg 1884w, https:\/\/kimrealestate.it\/wp-content\/uploads\/2022\/09\/kim-scheda-nologin-300x157.jpg 300w, https:\/\/kimrealestate.it\/wp-content\/uploads\/2022\/09\/kim-scheda-nologin-1024x537.jpg 1024w, https:\/\/kimrealestate.it\/wp-content\/uploads\/2022\/09\/kim-scheda-nologin-768x403.jpg 768w, https:\/\/kimrealestate.it\/wp-content\/uploads\/2022\/09\/kim-scheda-nologin-1536x806.jpg 1536w, https:\/\/kimrealestate.it\/wp-content\/uploads\/2022\/09\/kim-scheda-nologin-18x9.jpg 18w\" sizes=\"auto, (max-width: 1884px) 100vw, 1884px\" \/><div class=\"wp-block-cover__inner-container is-layout-flow wp-block-cover-is-layout-flow\">\n<h5 class=\"wp-block-heading has-text-align-center has-ast-global-color-2-color has-text-color\" style=\"margin-top:0px\">Per ottenere ulteriori informazioni<\/h5>\n\n\n\n<h4 class=\"wp-block-heading has-text-align-center has-ast-global-color-2-color has-text-color\">Registrati o Accedi <\/h4>\n\n\n\n<h5 class=\"wp-block-heading has-text-align-center has-ast-global-color-2-color has-text-color\">Registrazione gratuita<\/h5>\n\n\n\n<div style=\"height:20px\" aria-hidden=\"true\" class=\"wp-block-spacer\"><\/div>\n\n\n\n<div class=\"wp-block-buttons is-horizontal is-content-justification-center is-layout-flex wp-container-core-buttons-is-layout-cbda912e wp-block-buttons-is-layout-flex\">\n<div class=\"wp-block-button\"><a class=\"wp-block-button__link wp-element-button\" href=\"https:\/\/kimrealestate.it\/en\/register\/\">Registrati <\/a><\/div>\n\n\n\n<div class=\"wp-block-button\"><a class=\"wp-block-button__link has-ast-global-color-0-background-color has-background wp-element-button\" href=\"https:\/\/kimrealestate.it\/en\/login\/\">Accedi <\/a><\/div>\n<\/div>\n<\/div><\/div>\n<\/div><\/div>","protected":false},"excerpt":{"rendered":"<p>DATI Area: Nord Ovest Regione: Emilia Romagna Provincia: Reggio Emilia Comune: &#8211; Indirizzo: &#8211; Destinazione: Commerciale Superficie: 145 mq Stato: Ottimo DESCRIZIONE Unit\u00e0 retail, parte di un edificio pi\u00f9 ampio, ubicata in provincia di Reggio Emilia, a soli 17 km dal capoluogo di provincia e 27 km da Parma. L&#8217;unit\u00e0 \u00e8 posta in prossimit\u00e0 della &hellip;<\/p>\n<p class=\"read-more\"> <a class=\"\" href=\"https:\/\/kimrealestate.it\/en\/immobile-commerciale-reggio-emilia\/\"> <span class=\"screen-reader-text\">Immobile ad uso commerciale sito in provincia di Reggio Emilia (RE)<\/span> Read More \u00bb<\/a><\/p>","protected":false},"author":1,"featured_media":0,"parent":0,"menu_order":0,"comment_status":"closed","ping_status":"closed","template":"","meta":{"_uag_custom_page_level_css":"","site-sidebar-layout":"default","site-content-layout":"default","ast-global-header-display":"","ast-banner-title-visibility":"","ast-main-header-display":"","ast-hfb-above-header-display":"","ast-hfb-below-header-display":"","ast-hfb-mobile-header-display":"","site-post-title":"disabled","ast-breadcrumbs-content":"","ast-featured-img":"","footer-sml-layout":"","theme-transparent-header-meta":"","adv-header-id-meta":"","stick-header-meta":"","header-above-stick-meta":"","header-main-stick-meta":"","header-below-stick-meta":"","footnotes":""},"class_list":["post-1103","page","type-page","status-publish","hentry"],"uagb_featured_image_src":{"full":false,"thumbnail":false,"medium":false,"medium_large":false,"large":false,"1536x1536":false,"2048x2048":false,"trp-custom-language-flag":false},"uagb_author_info":{"display_name":"Admin","author_link":"https:\/\/kimrealestate.it\/en\/author\/admin\/"},"uagb_comment_info":0,"uagb_excerpt":"DATI Area: Nord Ovest Regione: Emilia Romagna Provincia: Reggio Emilia Comune: &#8211; Indirizzo: &#8211; Destinazione: Commerciale Superficie: 145 mq Stato: Ottimo DESCRIZIONE Unit\u00e0 retail, parte di un edificio pi\u00f9 ampio, ubicata in provincia di Reggio Emilia, a soli 17 km dal capoluogo di provincia e 27 km da Parma. L&#8217;unit\u00e0 \u00e8 posta in prossimit\u00e0 della&hellip;","_links":{"self":[{"href":"https:\/\/kimrealestate.it\/en\/wp-json\/wp\/v2\/pages\/1103","targetHints":{"allow":["GET"]}}],"collection":[{"href":"https:\/\/kimrealestate.it\/en\/wp-json\/wp\/v2\/pages"}],"about":[{"href":"https:\/\/kimrealestate.it\/en\/wp-json\/wp\/v2\/types\/page"}],"author":[{"embeddable":true,"href":"https:\/\/kimrealestate.it\/en\/wp-json\/wp\/v2\/users\/1"}],"replies":[{"embeddable":true,"href":"https:\/\/kimrealestate.it\/en\/wp-json\/wp\/v2\/comments?post=1103"}],"version-history":[{"count":4,"href":"https:\/\/kimrealestate.it\/en\/wp-json\/wp\/v2\/pages\/1103\/revisions"}],"predecessor-version":[{"id":1242,"href":"https:\/\/kimrealestate.it\/en\/wp-json\/wp\/v2\/pages\/1103\/revisions\/1242"}],"wp:attachment":[{"href":"https:\/\/kimrealestate.it\/en\/wp-json\/wp\/v2\/media?parent=1103"}],"curies":[{"name":"wp","href":"https:\/\/api.w.org\/{rel}","templated":true}]}}